{"id":106679,"date":"2017-03-23T01:51:33","date_gmt":"2017-03-23T01:51:33","guid":{"rendered":"http:\/\/keramika.holest.com\/slovenija\/product\/stenske-dekorativne-ploscice-roquetas-beige-brillo\/"},"modified":"2026-01-04T00:03:33","modified_gmt":"2026-01-04T00:03:33","slug":"stenske-dekorativne-ploscice-roquetas-beige-brillo","status":"publish","type":"product","link":"https:\/\/www.keramika.com\/slovenija\/stenske-dekorativne-ploscice-roquetas-beige-brillo\/","title":{"rendered":"Stenske dekorativne plo\u0161\u010dice Roquetas Beige Brillo"},"content":{"rendered":"<p>9 mm je debelina, ki zadovolji tudi zahtevnej\u0161e kupce. Roquetas Beige Brillo je plo\u0161\u010dica proizvajalca e-Ceramica in prihaja iz \u0160panije. V redni prodaji bi morali za to plo\u0161\u010dico od\u0161teti 13,48 EUR, spletna cena pa zna\u0161a le 10,78 EUR. Keramika v rjavi barvi popestri vsak prostor. Z 20&#215;50 cm je ta plo\u0161\u010dica primerna za razli\u010dne podlage.<\/p>\n<p>Kliknite na ime kolekcije za ogled vseh plo\u0161\u010dic iz te serije: <a class=\"pdfcatal\" href=\"\/\/www.ceramictiles.com\/pdf\/e-ceramica\/ceramic_tiles_catalogue.pdf\" onclick=\"recordOutboundLink(this, 'E-mail', 'Description PDF');return false;\">e-Ceramica Roquetas<\/a><\/p>\n<p>\u010ce \u017eelite naro\u010diti model iz pdf kataloga te kolekcije, nam pi\u0161ite na: <a href=\"mailto:keramoteka.salon@gmail.com\" onclick=\"recordOutboundLink(this, 'E-mail', 'Description mail');return false;\">keramoteka.salon@gmail.com<\/a> ali pa nas pokli\u010dite na: +386 31 255 900.<\/p>\n<p>Technical description: Full pallet orders only<\/p>\n","protected":false},"excerpt":{"rendered":"<p>9 mm je debelina, ki zadovolji tudi zahtevnej\u0161e kupce. Roquetas Beige Brillo je plo\u0161\u010dica proizvajalca e-Ceramica in prihaja iz \u0160panije. V redni prodaji bi morali za to plo\u0161\u010dico od\u0161teti 13,48 EUR, spletna cena pa zna\u0161a le 10,78 EUR. Keramika v rjavi barvi popestri vsak prostor. Z 20&#215;50 cm je ta plo\u0161\u010dica primerna za razli\u010dne podlage. [&hellip;]<\/p>\n","protected":false},"featured_media":106680,"template":"","meta":[],"product_cat":[210,99921414,200,999],"product_tag":[99921974],"_links":{"self":[{"href":"https:\/\/www.keramika.com\/slovenija\/wp-json\/wp\/v2\/product\/106679"}],"collection":[{"href":"https:\/\/www.keramika.com\/slovenija\/wp-json\/wp\/v2\/product"}],"about":[{"href":"https:\/\/www.keramika.com\/slovenija\/wp-json\/wp\/v2\/types\/product"}],"wp:featuredmedia":[{"embeddable":true,"href":"https:\/\/www.keramika.com\/slovenija\/wp-json\/wp\/v2\/media\/106680"}],"wp:attachment":[{"href":"https:\/\/www.keramika.com\/slovenija\/wp-json\/wp\/v2\/media?parent=106679"}],"wp:term":[{"taxonomy":"product_cat","embeddable":true,"href":"https:\/\/www.keramika.com\/slovenija\/wp-json\/wp\/v2\/product_cat?post=106679"},{"taxonomy":"product_tag","embeddable":true,"href":"https:\/\/www.keramika.com\/slovenija\/wp-json\/wp\/v2\/product_tag?post=106679"}],"curies":[{"name":"wp","href":"https:\/\/api.w.org\/{rel}","templated":true}]}}