{"id":106669,"date":"2017-03-23T01:50:58","date_gmt":"2017-03-23T01:50:58","guid":{"rendered":"http:\/\/keramika.holest.com\/slovenija\/product\/ploscice-za-kopalnico-pedrera-gris\/"},"modified":"2026-01-04T00:03:32","modified_gmt":"2026-01-04T00:03:32","slug":"ploscice-za-kopalnico-pedrera-gris","status":"publish","type":"product","link":"https:\/\/www.keramika.com\/slovenija\/ploscice-za-kopalnico-pedrera-gris\/","title":{"rendered":"Plo\u0161\u010dice za kopalnico Pedrera Gris"},"content":{"rendered":"<p>Dimenzije te plo\u0161\u010dice so 25&#215;40 cm. Ta plo\u0161\u010dica prihaja iz \u0160panije, ki je znana po kvalitetni keramiki. Ta plo\u0161\u010dica je debela 9 mm in je zelo trpe\u017ena. Ta kerami\u010dna plo\u0161\u010dica v \u010dudoviti sivi barvi bo obogatila vsak prostor. 10,88 EUR v klasi\u010dni trgovini, pri nas pa le 8,7 EUR.<\/p>\n<p>Kliknite na ime kolekcije za ogled vseh plo\u0161\u010dic iz te serije: <a class=\"pdfcatal\" href=\"\/\/www.ceramictiles.com\/pdf\/e-ceramica\/ceramic_tiles_catalogue.pdf\" onclick=\"recordOutboundLink(this, 'E-mail', 'Description PDF');return false;\">e-Ceramica Pedrera<\/a><\/p>\n<p>\u010ce \u017eelite naro\u010diti model iz pdf kataloga te kolekcije, nam pi\u0161ite na: <a href=\"mailto:keramoteka.salon@gmail.com\" onclick=\"recordOutboundLink(this, 'E-mail', 'Description mail');return false;\">keramoteka.salon@gmail.com<\/a> ali pa nas pokli\u010dite na: +386 31 255 900.<\/p>\n<p>Technical description: Full pallet orders only<\/p>\n","protected":false},"excerpt":{"rendered":"<p>Dimenzije te plo\u0161\u010dice so 25&#215;40 cm. Ta plo\u0161\u010dica prihaja iz \u0160panije, ki je znana po kvalitetni keramiki. Ta plo\u0161\u010dica je debela 9 mm in je zelo trpe\u017ena. Ta kerami\u010dna plo\u0161\u010dica v \u010dudoviti sivi barvi bo obogatila vsak prostor. 10,88 EUR v klasi\u010dni trgovini, pri nas pa le 8,7 EUR. Kliknite na ime kolekcije za ogled [&hellip;]<\/p>\n","protected":false},"featured_media":106670,"template":"","meta":[],"product_cat":[210,99921414,200,999],"product_tag":[99921980],"_links":{"self":[{"href":"https:\/\/www.keramika.com\/slovenija\/wp-json\/wp\/v2\/product\/106669"}],"collection":[{"href":"https:\/\/www.keramika.com\/slovenija\/wp-json\/wp\/v2\/product"}],"about":[{"href":"https:\/\/www.keramika.com\/slovenija\/wp-json\/wp\/v2\/types\/product"}],"wp:featuredmedia":[{"embeddable":true,"href":"https:\/\/www.keramika.com\/slovenija\/wp-json\/wp\/v2\/media\/106670"}],"wp:attachment":[{"href":"https:\/\/www.keramika.com\/slovenija\/wp-json\/wp\/v2\/media?parent=106669"}],"wp:term":[{"taxonomy":"product_cat","embeddable":true,"href":"https:\/\/www.keramika.com\/slovenija\/wp-json\/wp\/v2\/product_cat?post=106669"},{"taxonomy":"product_tag","embeddable":true,"href":"https:\/\/www.keramika.com\/slovenija\/wp-json\/wp\/v2\/product_tag?post=106669"}],"curies":[{"name":"wp","href":"https:\/\/api.w.org\/{rel}","templated":true}]}}