{"id":106641,"date":"2017-03-23T01:49:33","date_gmt":"2017-03-23T01:49:33","guid":{"rendered":"http:\/\/keramika.holest.com\/slovenija\/product\/ploscice-za-kopalnico-mystic-decor-aqua\/"},"modified":"2026-01-04T00:03:29","modified_gmt":"2026-01-04T00:03:29","slug":"ploscice-za-kopalnico-mystic-decor-aqua","status":"publish","type":"product","link":"https:\/\/www.keramika.com\/slovenija\/ploscice-za-kopalnico-mystic-decor-aqua\/","title":{"rendered":"Plo\u0161\u010dice za kopalnico Mystic Decor Aqua"},"content":{"rendered":"<p>Ta model plo\u0161\u010dice se najbolje prodaja v beli barvi. Velikost te plo\u0161\u010dice je 20&#215;50 cm. Debelina plo\u0161\u010dice je zelo pomembna in 9 mm uvr\u0161\u010da to plo\u0161\u010dico med najkvalitetnej\u0161e. Mystic Decor Aqua prihaja iz \u0160panije, ki je znana po zelo kvalitetni keramiki v svetovnem merilu. 14,65 EUR v klasi\u010dni trgovini, pri nas pa le 11,72 EUR.<\/p>\n<p>Kliknite na ime kolekcije za ogled vseh plo\u0161\u010dic iz te serije: <a class=\"pdfcatal\" href=\"\/\/www.ceramictiles.com\/pdf\/e-ceramica\/ceramic_tiles_catalogue.pdf\" onclick=\"recordOutboundLink(this, 'E-mail', 'Description PDF');return false;\">e-Ceramica Mystic Decor<\/a><\/p>\n<p>\u010ce \u017eelite naro\u010diti model iz pdf kataloga te kolekcije, nam pi\u0161ite na: <a href=\"mailto:keramoteka.salon@gmail.com\" onclick=\"recordOutboundLink(this, 'E-mail', 'Description mail');return false;\">keramoteka.salon@gmail.com<\/a> ali pa nas pokli\u010dite na: +386 31 255 900.<\/p>\n<p>Technical description: Full pallet orders only<\/p>\n","protected":false},"excerpt":{"rendered":"<p>Ta model plo\u0161\u010dice se najbolje prodaja v beli barvi. Velikost te plo\u0161\u010dice je 20&#215;50 cm. Debelina plo\u0161\u010dice je zelo pomembna in 9 mm uvr\u0161\u010da to plo\u0161\u010dico med najkvalitetnej\u0161e. Mystic Decor Aqua prihaja iz \u0160panije, ki je znana po zelo kvalitetni keramiki v svetovnem merilu. 14,65 EUR v klasi\u010dni trgovini, pri nas pa le 11,72 EUR. [&hellip;]<\/p>\n","protected":false},"featured_media":106642,"template":"","meta":[],"product_cat":[210,99921414,200,999],"product_tag":[99921980],"_links":{"self":[{"href":"https:\/\/www.keramika.com\/slovenija\/wp-json\/wp\/v2\/product\/106641"}],"collection":[{"href":"https:\/\/www.keramika.com\/slovenija\/wp-json\/wp\/v2\/product"}],"about":[{"href":"https:\/\/www.keramika.com\/slovenija\/wp-json\/wp\/v2\/types\/product"}],"wp:featuredmedia":[{"embeddable":true,"href":"https:\/\/www.keramika.com\/slovenija\/wp-json\/wp\/v2\/media\/106642"}],"wp:attachment":[{"href":"https:\/\/www.keramika.com\/slovenija\/wp-json\/wp\/v2\/media?parent=106641"}],"wp:term":[{"taxonomy":"product_cat","embeddable":true,"href":"https:\/\/www.keramika.com\/slovenija\/wp-json\/wp\/v2\/product_cat?post=106641"},{"taxonomy":"product_tag","embeddable":true,"href":"https:\/\/www.keramika.com\/slovenija\/wp-json\/wp\/v2\/product_tag?post=106641"}],"curies":[{"name":"wp","href":"https:\/\/api.w.org\/{rel}","templated":true}]}}