{"id":106633,"date":"2017-03-23T01:49:10","date_gmt":"2017-03-23T01:49:10","guid":{"rendered":"http:\/\/keramika.holest.com\/slovenija\/product\/keramika-imitacija-kamna-montesa-crema\/"},"modified":"2026-01-04T00:03:29","modified_gmt":"2026-01-04T00:03:29","slug":"keramika-imitacija-kamna-montesa-crema","status":"publish","type":"product","link":"https:\/\/www.keramika.com\/slovenija\/keramika-imitacija-kamna-montesa-crema\/","title":{"rendered":"Keramika imitacija kamna Montesa Crema"},"content":{"rendered":"<p>Na spletu boste za to plo\u0161\u010dico od\u0161teli le 8,98 EUR, medtem ko v redni prodaji cena zna\u0161a 11,22 EUR. Montesa Crema je pripeljana iz \u0160panije in je zelo kvalitetna. Ta kerami\u010dna plo\u0161\u010dica v \u010dudoviti be\u017e barvi bo obogatila vsak prostor. 9 mm je debelina, ki zadovolji tudi zahtevnej\u0161e kupce. Z 45&#215;45 cm je ta plo\u0161\u010dica primerna za razli\u010dne podlage.<\/p>\n<p>Kliknite na ime kolekcije za ogled vseh plo\u0161\u010dic iz te serije: <a class=\"pdfcatal\" href=\"\/\/www.ceramictiles.com\/pdf\/e-ceramica\/ceramic_tiles_catalogue.pdf\" onclick=\"recordOutboundLink(this, 'E-mail', 'Description PDF');return false;\">e-Ceramica Montesa<\/a><\/p>\n<p>\u010ce \u017eelite naro\u010diti model iz pdf kataloga te kolekcije, nam pi\u0161ite na: <a href=\"mailto:keramoteka.salon@gmail.com\" onclick=\"recordOutboundLink(this, 'E-mail', 'Description mail');return false;\">keramoteka.salon@gmail.com<\/a> ali pa nas pokli\u010dite na: +386 31 255 900.<\/p>\n<p>Technical description: Full pallet orders only<\/p>\n","protected":false},"excerpt":{"rendered":"<p>Na spletu boste za to plo\u0161\u010dico od\u0161teli le 8,98 EUR, medtem ko v redni prodaji cena zna\u0161a 11,22 EUR. Montesa Crema je pripeljana iz \u0160panije in je zelo kvalitetna. Ta kerami\u010dna plo\u0161\u010dica v \u010dudoviti be\u017e barvi bo obogatila vsak prostor. 9 mm je debelina, ki zadovolji tudi zahtevnej\u0161e kupce. Z 45&#215;45 cm je ta plo\u0161\u010dica [&hellip;]<\/p>\n","protected":false},"featured_media":106634,"template":"","meta":[],"product_cat":[210,99921414,200,999],"product_tag":[99921975],"_links":{"self":[{"href":"https:\/\/www.keramika.com\/slovenija\/wp-json\/wp\/v2\/product\/106633"}],"collection":[{"href":"https:\/\/www.keramika.com\/slovenija\/wp-json\/wp\/v2\/product"}],"about":[{"href":"https:\/\/www.keramika.com\/slovenija\/wp-json\/wp\/v2\/types\/product"}],"wp:featuredmedia":[{"embeddable":true,"href":"https:\/\/www.keramika.com\/slovenija\/wp-json\/wp\/v2\/media\/106634"}],"wp:attachment":[{"href":"https:\/\/www.keramika.com\/slovenija\/wp-json\/wp\/v2\/media?parent=106633"}],"wp:term":[{"taxonomy":"product_cat","embeddable":true,"href":"https:\/\/www.keramika.com\/slovenija\/wp-json\/wp\/v2\/product_cat?post=106633"},{"taxonomy":"product_tag","embeddable":true,"href":"https:\/\/www.keramika.com\/slovenija\/wp-json\/wp\/v2\/product_tag?post=106633"}],"curies":[{"name":"wp","href":"https:\/\/api.w.org\/{rel}","templated":true}]}}