{"id":106579,"date":"2017-03-23T01:46:35","date_gmt":"2017-03-23T01:46:35","guid":{"rendered":"http:\/\/keramika.holest.com\/slovenija\/product\/stenske-ploscice-fuste-crema\/"},"modified":"2026-01-04T00:03:24","modified_gmt":"2026-01-04T00:03:24","slug":"stenske-ploscice-fuste-crema","status":"publish","type":"product","link":"https:\/\/www.keramika.com\/slovenija\/stenske-ploscice-fuste-crema\/","title":{"rendered":"Stenske plo\u0161\u010dice Fuste Crema"},"content":{"rendered":"<p>Zelo moderna plo\u0161\u010dica v be\u017e barvi popestri prav vsak prostor. \u0160irina in dol\u017eina te plo\u0161\u010dice sta 31&#215;45 cm. Debelina plo\u0161\u010dice je zelo pomembna in 9 mm uvr\u0161\u010da to plo\u0161\u010dico med najkvalitetnej\u0161e. Fuste Crema je pripeljana iz \u0160panije in je zelo kvalitetna. Redna cena te plo\u0161\u010dice v maloprodaji zna\u0161a 11,48 EUR, v na\u0161i spletni trgovini pa jo lahko dobite \u017ee za 9,18 EUR.<\/p>\n<p>Kliknite na ime kolekcije za ogled vseh plo\u0161\u010dic iz te serije: <a class=\"pdfcatal\" href=\"\/\/www.ceramictiles.com\/pdf\/e-ceramica\/ceramic_tiles_catalogue.pdf\" onclick=\"recordOutboundLink(this, 'E-mail', 'Description PDF');return false;\">e-Ceramica Fuste<\/a><\/p>\n<p>\u010ce \u017eelite naro\u010diti model iz pdf kataloga te kolekcije, nam pi\u0161ite na: <a href=\"mailto:keramoteka.salon@gmail.com\" onclick=\"recordOutboundLink(this, 'E-mail', 'Description mail');return false;\">keramoteka.salon@gmail.com<\/a> ali pa nas pokli\u010dite na: +386 31 255 900.<\/p>\n<p>Technical description: Full pallet orders only<\/p>\n","protected":false},"excerpt":{"rendered":"<p>Zelo moderna plo\u0161\u010dica v be\u017e barvi popestri prav vsak prostor. \u0160irina in dol\u017eina te plo\u0161\u010dice sta 31&#215;45 cm. Debelina plo\u0161\u010dice je zelo pomembna in 9 mm uvr\u0161\u010da to plo\u0161\u010dico med najkvalitetnej\u0161e. Fuste Crema je pripeljana iz \u0160panije in je zelo kvalitetna. Redna cena te plo\u0161\u010dice v maloprodaji zna\u0161a 11,48 EUR, v na\u0161i spletni trgovini pa [&hellip;]<\/p>\n","protected":false},"featured_media":106580,"template":"","meta":[],"product_cat":[210,99921414,200,999],"product_tag":[],"_links":{"self":[{"href":"https:\/\/www.keramika.com\/slovenija\/wp-json\/wp\/v2\/product\/106579"}],"collection":[{"href":"https:\/\/www.keramika.com\/slovenija\/wp-json\/wp\/v2\/product"}],"about":[{"href":"https:\/\/www.keramika.com\/slovenija\/wp-json\/wp\/v2\/types\/product"}],"wp:featuredmedia":[{"embeddable":true,"href":"https:\/\/www.keramika.com\/slovenija\/wp-json\/wp\/v2\/media\/106580"}],"wp:attachment":[{"href":"https:\/\/www.keramika.com\/slovenija\/wp-json\/wp\/v2\/media?parent=106579"}],"wp:term":[{"taxonomy":"product_cat","embeddable":true,"href":"https:\/\/www.keramika.com\/slovenija\/wp-json\/wp\/v2\/product_cat?post=106579"},{"taxonomy":"product_tag","embeddable":true,"href":"https:\/\/www.keramika.com\/slovenija\/wp-json\/wp\/v2\/product_tag?post=106579"}],"curies":[{"name":"wp","href":"https:\/\/api.w.org\/{rel}","templated":true}]}}