{"id":106565,"date":"2017-03-23T01:45:52","date_gmt":"2017-03-23T01:45:52","guid":{"rendered":"http:\/\/keramika.holest.com\/slovenija\/product\/stenske-dekorativne-ploscice-estambul\/"},"modified":"2026-01-04T00:03:23","modified_gmt":"2026-01-04T00:03:23","slug":"stenske-dekorativne-ploscice-estambul","status":"publish","type":"product","link":"https:\/\/www.keramika.com\/slovenija\/stenske-dekorativne-ploscice-estambul\/","title":{"rendered":"Stenske dekorativne plo\u0161\u010dice Estambul"},"content":{"rendered":"<p>Debelina plo\u0161\u010dice je zelo pomembna in 9 mm uvr\u0161\u010da to plo\u0161\u010dico med najkvalitetnej\u0161e. Prihaja iz \u0160panije, ki po svetu slovi kot ena bolj\u0161ih proizvajalk kerami\u010dnih plo\u0161\u010dic. Na spletu boste za to plo\u0161\u010dico od\u0161teli le 11,72 EUR, medtem ko v redni prodaji cena zna\u0161a 14,65 EUR. Ta kerami\u010dna plo\u0161\u010dica v \u010dudoviti beli barvi bo obogatila vsak prostor. Z velikostjo 20&#215;50 cm je ta plo\u0161\u010dica primerna ze razli\u010dne povr\u0161ine.<\/p>\n<p>Kliknite na ime kolekcije za ogled vseh plo\u0161\u010dic iz te serije: <a class=\"pdfcatal\" href=\"\/\/www.ceramictiles.com\/pdf\/e-ceramica\/ceramic_tiles_catalogue.pdf\" onclick=\"recordOutboundLink(this, 'E-mail', 'Description PDF');return false;\">e-Ceramica Estambul<\/a><\/p>\n<p>\u010ce \u017eelite naro\u010diti model iz pdf kataloga te kolekcije, nam pi\u0161ite na: <a href=\"mailto:keramoteka.salon@gmail.com\" onclick=\"recordOutboundLink(this, 'E-mail', 'Description mail');return false;\">keramoteka.salon@gmail.com<\/a> ali pa nas pokli\u010dite na: +386 31 255 900.<\/p>\n<p>Technical description: Full pallet orders only<\/p>\n","protected":false},"excerpt":{"rendered":"<p>Debelina plo\u0161\u010dice je zelo pomembna in 9 mm uvr\u0161\u010da to plo\u0161\u010dico med najkvalitetnej\u0161e. Prihaja iz \u0160panije, ki po svetu slovi kot ena bolj\u0161ih proizvajalk kerami\u010dnih plo\u0161\u010dic. Na spletu boste za to plo\u0161\u010dico od\u0161teli le 11,72 EUR, medtem ko v redni prodaji cena zna\u0161a 14,65 EUR. Ta kerami\u010dna plo\u0161\u010dica v \u010dudoviti beli barvi bo obogatila vsak [&hellip;]<\/p>\n","protected":false},"featured_media":106566,"template":"","meta":[],"product_cat":[210,99921414,200,999],"product_tag":[99921974],"_links":{"self":[{"href":"https:\/\/www.keramika.com\/slovenija\/wp-json\/wp\/v2\/product\/106565"}],"collection":[{"href":"https:\/\/www.keramika.com\/slovenija\/wp-json\/wp\/v2\/product"}],"about":[{"href":"https:\/\/www.keramika.com\/slovenija\/wp-json\/wp\/v2\/types\/product"}],"wp:featuredmedia":[{"embeddable":true,"href":"https:\/\/www.keramika.com\/slovenija\/wp-json\/wp\/v2\/media\/106566"}],"wp:attachment":[{"href":"https:\/\/www.keramika.com\/slovenija\/wp-json\/wp\/v2\/media?parent=106565"}],"wp:term":[{"taxonomy":"product_cat","embeddable":true,"href":"https:\/\/www.keramika.com\/slovenija\/wp-json\/wp\/v2\/product_cat?post=106565"},{"taxonomy":"product_tag","embeddable":true,"href":"https:\/\/www.keramika.com\/slovenija\/wp-json\/wp\/v2\/product_tag?post=106565"}],"curies":[{"name":"wp","href":"https:\/\/api.w.org\/{rel}","templated":true}]}}