{"id":106553,"date":"2017-03-23T01:45:12","date_gmt":"2017-03-23T01:45:12","guid":{"rendered":"http:\/\/keramika.holest.com\/slovenija\/product\/ploscice-za-kopalnico-elegance-crema\/"},"modified":"2026-01-04T00:03:22","modified_gmt":"2026-01-04T00:03:22","slug":"ploscice-za-kopalnico-elegance-crema","status":"publish","type":"product","link":"https:\/\/www.keramika.com\/slovenija\/ploscice-za-kopalnico-elegance-crema\/","title":{"rendered":"Plo\u0161\u010dice za kopalnico Elegance Crema"},"content":{"rendered":"<p>Elegance Crema je plo\u0161\u010dica proizvajalca e-Ceramica in prihaja iz \u0160panije. Z velikostjo 24,2&#215;68,5 cm je ta plo\u0161\u010dica primerna ze razli\u010dne povr\u0161ine. Keramika v be\u017e barvi popestri vsak prostor. Debelina kar 9 mm dela to plo\u0161\u010dico zelo trpe\u017eno in presti\u017eno na otip. Na spletu boste za to plo\u0161\u010dico od\u0161teli le 11,82 EUR, medtem ko v redni prodaji cena zna\u0161a 14,78 EUR.<\/p>\n<p>Kliknite na ime kolekcije za ogled vseh plo\u0161\u010dic iz te serije: <a class=\"pdfcatal\" href=\"\/\/www.ceramictiles.com\/pdf\/e-ceramica\/ceramic_tiles_catalogue.pdf\" onclick=\"recordOutboundLink(this, 'E-mail', 'Description PDF');return false;\">e-Ceramica Elegance<\/a><\/p>\n<p>\u010ce \u017eelite naro\u010diti model iz pdf kataloga te kolekcije, nam pi\u0161ite na: <a href=\"mailto:keramoteka.salon@gmail.com\" onclick=\"recordOutboundLink(this, 'E-mail', 'Description mail');return false;\">keramoteka.salon@gmail.com<\/a> ali pa nas pokli\u010dite na: +386 31 255 900.<\/p>\n<p>Technical description: Full pallet orders only<\/p>\n","protected":false},"excerpt":{"rendered":"<p>Elegance Crema je plo\u0161\u010dica proizvajalca e-Ceramica in prihaja iz \u0160panije. Z velikostjo 24,2&#215;68,5 cm je ta plo\u0161\u010dica primerna ze razli\u010dne povr\u0161ine. Keramika v be\u017e barvi popestri vsak prostor. Debelina kar 9 mm dela to plo\u0161\u010dico zelo trpe\u017eno in presti\u017eno na otip. Na spletu boste za to plo\u0161\u010dico od\u0161teli le 11,82 EUR, medtem ko v redni [&hellip;]<\/p>\n","protected":false},"featured_media":106554,"template":"","meta":[],"product_cat":[210,99921414,200,999],"product_tag":[99921980],"_links":{"self":[{"href":"https:\/\/www.keramika.com\/slovenija\/wp-json\/wp\/v2\/product\/106553"}],"collection":[{"href":"https:\/\/www.keramika.com\/slovenija\/wp-json\/wp\/v2\/product"}],"about":[{"href":"https:\/\/www.keramika.com\/slovenija\/wp-json\/wp\/v2\/types\/product"}],"wp:featuredmedia":[{"embeddable":true,"href":"https:\/\/www.keramika.com\/slovenija\/wp-json\/wp\/v2\/media\/106554"}],"wp:attachment":[{"href":"https:\/\/www.keramika.com\/slovenija\/wp-json\/wp\/v2\/media?parent=106553"}],"wp:term":[{"taxonomy":"product_cat","embeddable":true,"href":"https:\/\/www.keramika.com\/slovenija\/wp-json\/wp\/v2\/product_cat?post=106553"},{"taxonomy":"product_tag","embeddable":true,"href":"https:\/\/www.keramika.com\/slovenija\/wp-json\/wp\/v2\/product_tag?post=106553"}],"curies":[{"name":"wp","href":"https:\/\/api.w.org\/{rel}","templated":true}]}}