{"id":106547,"date":"2017-03-23T01:44:52","date_gmt":"2017-03-23T01:44:52","guid":{"rendered":"http:\/\/keramika.holest.com\/slovenija\/product\/ploscice-za-kopalnico-edison-decor-crema\/"},"modified":"2026-01-04T00:03:21","modified_gmt":"2026-01-04T00:03:21","slug":"ploscice-za-kopalnico-edison-decor-crema","status":"publish","type":"product","link":"https:\/\/www.keramika.com\/slovenija\/ploscice-za-kopalnico-edison-decor-crema\/","title":{"rendered":"Plo\u0161\u010dice za kopalnico Edison Decor Crema"},"content":{"rendered":"<p>Pri izbiri plo\u0161\u010dice v rde\u010di barvi ne morete zgre\u0161iti. Z 20&#215;60 cm je ta plo\u0161\u010dica primerna za razli\u010dne podlage. Debelina kar 9 mm dela to plo\u0161\u010dico zelo trpe\u017eno in presti\u017eno na otip. Edison Decor Crema je pripeljana iz \u0160panije in je zelo kvalitetna. Na spletu boste za to plo\u0161\u010dico od\u0161teli le 12,42 EUR, medtem ko v redni prodaji cena zna\u0161a 15,52 EUR.<\/p>\n<p>Kliknite na ime kolekcije za ogled vseh plo\u0161\u010dic iz te serije: <a class=\"pdfcatal\" href=\"\/\/www.ceramictiles.com\/pdf\/e-ceramica\/ceramic_tiles_catalogue.pdf\" onclick=\"recordOutboundLink(this, 'E-mail', 'Description PDF');return false;\">e-Ceramica Edison Decor<\/a><\/p>\n<p>\u010ce \u017eelite naro\u010diti model iz pdf kataloga te kolekcije, nam pi\u0161ite na: <a href=\"mailto:keramoteka.salon@gmail.com\" onclick=\"recordOutboundLink(this, 'E-mail', 'Description mail');return false;\">keramoteka.salon@gmail.com<\/a> ali pa nas pokli\u010dite na: +386 31 255 900.<\/p>\n<p>Technical description: Full pallet orders only<\/p>\n","protected":false},"excerpt":{"rendered":"<p>Pri izbiri plo\u0161\u010dice v rde\u010di barvi ne morete zgre\u0161iti. Z 20&#215;60 cm je ta plo\u0161\u010dica primerna za razli\u010dne podlage. Debelina kar 9 mm dela to plo\u0161\u010dico zelo trpe\u017eno in presti\u017eno na otip. Edison Decor Crema je pripeljana iz \u0160panije in je zelo kvalitetna. Na spletu boste za to plo\u0161\u010dico od\u0161teli le 12,42 EUR, medtem ko [&hellip;]<\/p>\n","protected":false},"featured_media":106548,"template":"","meta":[],"product_cat":[210,99921414,200,999],"product_tag":[99921980],"_links":{"self":[{"href":"https:\/\/www.keramika.com\/slovenija\/wp-json\/wp\/v2\/product\/106547"}],"collection":[{"href":"https:\/\/www.keramika.com\/slovenija\/wp-json\/wp\/v2\/product"}],"about":[{"href":"https:\/\/www.keramika.com\/slovenija\/wp-json\/wp\/v2\/types\/product"}],"wp:featuredmedia":[{"embeddable":true,"href":"https:\/\/www.keramika.com\/slovenija\/wp-json\/wp\/v2\/media\/106548"}],"wp:attachment":[{"href":"https:\/\/www.keramika.com\/slovenija\/wp-json\/wp\/v2\/media?parent=106547"}],"wp:term":[{"taxonomy":"product_cat","embeddable":true,"href":"https:\/\/www.keramika.com\/slovenija\/wp-json\/wp\/v2\/product_cat?post=106547"},{"taxonomy":"product_tag","embeddable":true,"href":"https:\/\/www.keramika.com\/slovenija\/wp-json\/wp\/v2\/product_tag?post=106547"}],"curies":[{"name":"wp","href":"https:\/\/api.w.org\/{rel}","templated":true}]}}