{"id":106545,"date":"2017-03-23T01:44:44","date_gmt":"2017-03-23T01:44:44","guid":{"rendered":"http:\/\/keramika.holest.com\/slovenija\/product\/ploscice-za-kopalnico-edison-crema\/"},"modified":"2026-01-04T00:03:21","modified_gmt":"2026-01-04T00:03:21","slug":"ploscice-za-kopalnico-edison-crema","status":"publish","type":"product","link":"https:\/\/www.keramika.com\/slovenija\/ploscice-za-kopalnico-edison-crema\/","title":{"rendered":"Plo\u0161\u010dice za kopalnico Edison Crema"},"content":{"rendered":"<p>9 mm je debelina, ki zadovolji tudi zahtevnej\u0161e kupce. Namesto 13,52 EUR kot bi za to plo\u0161\u010dico od\u0161teli v klasi\u010dni trgovini, boste v na\u0161i spletni prodajalni od\u0161teli le 10,82 EUR. \u0160irina in dol\u017eina te plo\u0161\u010dice sta 20&#215;60 cm. Edison Crema je plo\u0161\u010dica proizvajalca e-Ceramica in prihaja iz \u0160panije. Ta plo\u0161\u010dica je na voljo v \u010dudoviti be\u017e barvi, \u010de \u017eelite kak\u0161no drugo barvo pa nas kontaktirajte in preverili bomo pri proizvajalcu.<\/p>\n<p>Kliknite na ime kolekcije za ogled vseh plo\u0161\u010dic iz te serije: <a class=\"pdfcatal\" href=\"\/\/www.ceramictiles.com\/pdf\/e-ceramica\/ceramic_tiles_catalogue.pdf\" onclick=\"recordOutboundLink(this, 'E-mail', 'Description PDF');return false;\">e-Ceramica Edison<\/a><\/p>\n<p>\u010ce \u017eelite naro\u010diti model iz pdf kataloga te kolekcije, nam pi\u0161ite na: <a href=\"mailto:keramoteka.salon@gmail.com\" onclick=\"recordOutboundLink(this, 'E-mail', 'Description mail');return false;\">keramoteka.salon@gmail.com<\/a> ali pa nas pokli\u010dite na: +386 31 255 900.<\/p>\n<p>Technical description: Full pallet orders only<\/p>\n","protected":false},"excerpt":{"rendered":"<p>9 mm je debelina, ki zadovolji tudi zahtevnej\u0161e kupce. Namesto 13,52 EUR kot bi za to plo\u0161\u010dico od\u0161teli v klasi\u010dni trgovini, boste v na\u0161i spletni prodajalni od\u0161teli le 10,82 EUR. \u0160irina in dol\u017eina te plo\u0161\u010dice sta 20&#215;60 cm. Edison Crema je plo\u0161\u010dica proizvajalca e-Ceramica in prihaja iz \u0160panije. Ta plo\u0161\u010dica je na voljo v \u010dudoviti [&hellip;]<\/p>\n","protected":false},"featured_media":106546,"template":"","meta":[],"product_cat":[210,99921414,200,999],"product_tag":[99921980],"_links":{"self":[{"href":"https:\/\/www.keramika.com\/slovenija\/wp-json\/wp\/v2\/product\/106545"}],"collection":[{"href":"https:\/\/www.keramika.com\/slovenija\/wp-json\/wp\/v2\/product"}],"about":[{"href":"https:\/\/www.keramika.com\/slovenija\/wp-json\/wp\/v2\/types\/product"}],"wp:featuredmedia":[{"embeddable":true,"href":"https:\/\/www.keramika.com\/slovenija\/wp-json\/wp\/v2\/media\/106546"}],"wp:attachment":[{"href":"https:\/\/www.keramika.com\/slovenija\/wp-json\/wp\/v2\/media?parent=106545"}],"wp:term":[{"taxonomy":"product_cat","embeddable":true,"href":"https:\/\/www.keramika.com\/slovenija\/wp-json\/wp\/v2\/product_cat?post=106545"},{"taxonomy":"product_tag","embeddable":true,"href":"https:\/\/www.keramika.com\/slovenija\/wp-json\/wp\/v2\/product_tag?post=106545"}],"curies":[{"name":"wp","href":"https:\/\/api.w.org\/{rel}","templated":true}]}}