{"id":106539,"date":"2017-03-23T01:44:24","date_gmt":"2017-03-23T01:44:24","guid":{"rendered":"http:\/\/keramika.holest.com\/slovenija\/product\/ploscice-imitacija-kamna-dumas-blanco\/"},"modified":"2026-01-04T00:03:20","modified_gmt":"2026-01-04T00:03:20","slug":"ploscice-imitacija-kamna-dumas-blanco","status":"publish","type":"product","link":"https:\/\/www.keramika.com\/slovenija\/ploscice-imitacija-kamna-dumas-blanco\/","title":{"rendered":"Plo\u0161\u010dice imitacija kamna Dumas Blanco"},"content":{"rendered":"<p>Ta model plo\u0161\u010dice se najbolje prodaja v sivi barvi. 9 mm je debelina, ki zadovolji tudi zahtevnej\u0161e kupce. Z velikostjo 60&#215;60 cm je ta plo\u0161\u010dica primerna ze razli\u010dne povr\u0161ine. Dumas Blanco prihaja iz \u0160panije, ki je znana po zelo kvalitetni keramiki v svetovnem merilu. Redna cena te plo\u0161\u010dice v maloprodaji zna\u0161a 13,88 EUR, v na\u0161i spletni trgovini pa jo lahko dobite \u017ee za 11,1 EUR.<\/p>\n<p>Kliknite na ime kolekcije za ogled vseh plo\u0161\u010dic iz te serije: <a class=\"pdfcatal\" href=\"\/\/www.ceramictiles.com\/pdf\/e-ceramica\/ceramic_tiles_catalogue.pdf\" onclick=\"recordOutboundLink(this, 'E-mail', 'Description PDF');return false;\">e-Ceramica Dumas<\/a><\/p>\n<p>\u010ce \u017eelite naro\u010diti model iz pdf kataloga te kolekcije, nam pi\u0161ite na: <a href=\"mailto:keramoteka.salon@gmail.com\" onclick=\"recordOutboundLink(this, 'E-mail', 'Description mail');return false;\">keramoteka.salon@gmail.com<\/a> ali pa nas pokli\u010dite na: +386 31 255 900.<\/p>\n<p>Technical description: Full pallet orders only<\/p>\n","protected":false},"excerpt":{"rendered":"<p>Ta model plo\u0161\u010dice se najbolje prodaja v sivi barvi. 9 mm je debelina, ki zadovolji tudi zahtevnej\u0161e kupce. Z velikostjo 60&#215;60 cm je ta plo\u0161\u010dica primerna ze razli\u010dne povr\u0161ine. Dumas Blanco prihaja iz \u0160panije, ki je znana po zelo kvalitetni keramiki v svetovnem merilu. Redna cena te plo\u0161\u010dice v maloprodaji zna\u0161a 13,88 EUR, v na\u0161i [&hellip;]<\/p>\n","protected":false},"featured_media":106540,"template":"","meta":[],"product_cat":[210,99921414,200,999],"product_tag":[99921975],"_links":{"self":[{"href":"https:\/\/www.keramika.com\/slovenija\/wp-json\/wp\/v2\/product\/106539"}],"collection":[{"href":"https:\/\/www.keramika.com\/slovenija\/wp-json\/wp\/v2\/product"}],"about":[{"href":"https:\/\/www.keramika.com\/slovenija\/wp-json\/wp\/v2\/types\/product"}],"wp:featuredmedia":[{"embeddable":true,"href":"https:\/\/www.keramika.com\/slovenija\/wp-json\/wp\/v2\/media\/106540"}],"wp:attachment":[{"href":"https:\/\/www.keramika.com\/slovenija\/wp-json\/wp\/v2\/media?parent=106539"}],"wp:term":[{"taxonomy":"product_cat","embeddable":true,"href":"https:\/\/www.keramika.com\/slovenija\/wp-json\/wp\/v2\/product_cat?post=106539"},{"taxonomy":"product_tag","embeddable":true,"href":"https:\/\/www.keramika.com\/slovenija\/wp-json\/wp\/v2\/product_tag?post=106539"}],"curies":[{"name":"wp","href":"https:\/\/api.w.org\/{rel}","templated":true}]}}