{"id":106513,"date":"2017-03-23T01:42:57","date_gmt":"2017-03-23T01:42:57","guid":{"rendered":"http:\/\/keramika.holest.com\/slovenija\/product\/stenske-dekorativne-ploscice-corsica-blanco\/"},"modified":"2026-01-04T00:03:17","modified_gmt":"2026-01-04T00:03:17","slug":"stenske-dekorativne-ploscice-corsica-blanco","status":"publish","type":"product","link":"https:\/\/www.keramika.com\/slovenija\/stenske-dekorativne-ploscice-corsica-blanco\/","title":{"rendered":"Stenske dekorativne plo\u0161\u010dice Corsica Blanco"},"content":{"rendered":"<p>Ta model plo\u0161\u010dice se najbolje prodaja v beli barvi. \u0160irina in dol\u017eina te plo\u0161\u010dice sta 25&#215;36,5 cm. Corsica Blanco je plo\u0161\u010dica proizvajalca e-Ceramica in prihaja iz \u0160panije. Na spletu boste za to plo\u0161\u010dico od\u0161teli le 8,46 EUR, medtem ko v redni prodaji cena zna\u0161a 10,58 EUR. Debelina plo\u0161\u010dice je zelo pomembna in 9 mm uvr\u0161\u010da to plo\u0161\u010dico med najkvalitetnej\u0161e.<\/p>\n<p>Kliknite na ime kolekcije za ogled vseh plo\u0161\u010dic iz te serije: <a class=\"pdfcatal\" href=\"\/\/www.ceramictiles.com\/pdf\/e-ceramica\/ceramic_tiles_catalogue.pdf\" onclick=\"recordOutboundLink(this, 'E-mail', 'Description PDF');return false;\">e-Ceramica Corsica<\/a><\/p>\n<p>\u010ce \u017eelite naro\u010diti model iz pdf kataloga te kolekcije, nam pi\u0161ite na: <a href=\"mailto:keramoteka.salon@gmail.com\" onclick=\"recordOutboundLink(this, 'E-mail', 'Description mail');return false;\">keramoteka.salon@gmail.com<\/a> ali pa nas pokli\u010dite na: +386 31 255 900.<\/p>\n<p>Technical description: Full pallet orders only<\/p>\n","protected":false},"excerpt":{"rendered":"<p>Ta model plo\u0161\u010dice se najbolje prodaja v beli barvi. \u0160irina in dol\u017eina te plo\u0161\u010dice sta 25&#215;36,5 cm. Corsica Blanco je plo\u0161\u010dica proizvajalca e-Ceramica in prihaja iz \u0160panije. Na spletu boste za to plo\u0161\u010dico od\u0161teli le 8,46 EUR, medtem ko v redni prodaji cena zna\u0161a 10,58 EUR. Debelina plo\u0161\u010dice je zelo pomembna in 9 mm uvr\u0161\u010da [&hellip;]<\/p>\n","protected":false},"featured_media":106514,"template":"","meta":[],"product_cat":[210,99921414,200,999],"product_tag":[99921974],"_links":{"self":[{"href":"https:\/\/www.keramika.com\/slovenija\/wp-json\/wp\/v2\/product\/106513"}],"collection":[{"href":"https:\/\/www.keramika.com\/slovenija\/wp-json\/wp\/v2\/product"}],"about":[{"href":"https:\/\/www.keramika.com\/slovenija\/wp-json\/wp\/v2\/types\/product"}],"wp:featuredmedia":[{"embeddable":true,"href":"https:\/\/www.keramika.com\/slovenija\/wp-json\/wp\/v2\/media\/106514"}],"wp:attachment":[{"href":"https:\/\/www.keramika.com\/slovenija\/wp-json\/wp\/v2\/media?parent=106513"}],"wp:term":[{"taxonomy":"product_cat","embeddable":true,"href":"https:\/\/www.keramika.com\/slovenija\/wp-json\/wp\/v2\/product_cat?post=106513"},{"taxonomy":"product_tag","embeddable":true,"href":"https:\/\/www.keramika.com\/slovenija\/wp-json\/wp\/v2\/product_tag?post=106513"}],"curies":[{"name":"wp","href":"https:\/\/api.w.org\/{rel}","templated":true}]}}