{"id":106507,"date":"2017-03-23T01:42:37","date_gmt":"2017-03-23T01:42:37","guid":{"rendered":"http:\/\/keramika.holest.com\/slovenija\/product\/stenske-dekorativne-ploscice-cartago-tapiceria-crema\/"},"modified":"2026-01-04T00:03:16","modified_gmt":"2026-01-04T00:03:16","slug":"stenske-dekorativne-ploscice-cartago-tapiceria-crema","status":"publish","type":"product","link":"https:\/\/www.keramika.com\/slovenija\/stenske-dekorativne-ploscice-cartago-tapiceria-crema\/","title":{"rendered":"Stenske dekorativne plo\u0161\u010dice Cartago Tapiceria Crema"},"content":{"rendered":"<p>Plo\u0161\u010dica je debela kar 9 mm, kar jo uvr\u0161\u010da med bolj trde plo\u0161\u010dice. Z 24,2&#215;68,5 cm je ta plo\u0161\u010dica primerna za razli\u010dne podlage. Letos so plo\u0161\u010dice v be\u017e barvi zelo za\u017eeljene. V redni prodaji bi morali za to plo\u0161\u010dico od\u0161teti 15,7 EUR, spletna cena pa zna\u0161a le 12,56 EUR. To plo\u0161\u010dico je izdelal proizvajalec e-Ceramica, ki prihaja iz \u0160panije.<\/p>\n<p>Kliknite na ime kolekcije za ogled vseh plo\u0161\u010dic iz te serije: <a class=\"pdfcatal\" href=\"\/\/www.ceramictiles.com\/pdf\/e-ceramica\/ceramic_tiles_catalogue.pdf\" onclick=\"recordOutboundLink(this, 'E-mail', 'Description PDF');return false;\">e-Ceramica Cartago Tapiceria<\/a><\/p>\n<p>\u010ce \u017eelite naro\u010diti model iz pdf kataloga te kolekcije, nam pi\u0161ite na: <a href=\"mailto:keramoteka.salon@gmail.com\" onclick=\"recordOutboundLink(this, 'E-mail', 'Description mail');return false;\">keramoteka.salon@gmail.com<\/a> ali pa nas pokli\u010dite na: +386 31 255 900.<\/p>\n<p>Technical description: Full pallet orders only<\/p>\n","protected":false},"excerpt":{"rendered":"<p>Plo\u0161\u010dica je debela kar 9 mm, kar jo uvr\u0161\u010da med bolj trde plo\u0161\u010dice. Z 24,2&#215;68,5 cm je ta plo\u0161\u010dica primerna za razli\u010dne podlage. Letos so plo\u0161\u010dice v be\u017e barvi zelo za\u017eeljene. V redni prodaji bi morali za to plo\u0161\u010dico od\u0161teti 15,7 EUR, spletna cena pa zna\u0161a le 12,56 EUR. To plo\u0161\u010dico je izdelal proizvajalec e-Ceramica, [&hellip;]<\/p>\n","protected":false},"featured_media":106508,"template":"","meta":[],"product_cat":[210,99921414,200,999],"product_tag":[99921974],"_links":{"self":[{"href":"https:\/\/www.keramika.com\/slovenija\/wp-json\/wp\/v2\/product\/106507"}],"collection":[{"href":"https:\/\/www.keramika.com\/slovenija\/wp-json\/wp\/v2\/product"}],"about":[{"href":"https:\/\/www.keramika.com\/slovenija\/wp-json\/wp\/v2\/types\/product"}],"wp:featuredmedia":[{"embeddable":true,"href":"https:\/\/www.keramika.com\/slovenija\/wp-json\/wp\/v2\/media\/106508"}],"wp:attachment":[{"href":"https:\/\/www.keramika.com\/slovenija\/wp-json\/wp\/v2\/media?parent=106507"}],"wp:term":[{"taxonomy":"product_cat","embeddable":true,"href":"https:\/\/www.keramika.com\/slovenija\/wp-json\/wp\/v2\/product_cat?post=106507"},{"taxonomy":"product_tag","embeddable":true,"href":"https:\/\/www.keramika.com\/slovenija\/wp-json\/wp\/v2\/product_tag?post=106507"}],"curies":[{"name":"wp","href":"https:\/\/api.w.org\/{rel}","templated":true}]}}