{"id":106499,"date":"2017-03-23T01:42:07","date_gmt":"2017-03-23T01:42:07","guid":{"rendered":"http:\/\/keramika.holest.com\/slovenija\/product\/talne-ploscice-campus-grafito\/"},"modified":"2026-01-04T00:03:15","modified_gmt":"2026-01-04T00:03:15","slug":"talne-ploscice-campus-grafito","status":"publish","type":"product","link":"https:\/\/www.keramika.com\/slovenija\/talne-ploscice-campus-grafito\/","title":{"rendered":"Talne plo\u0161\u010dice Campus Grafito"},"content":{"rendered":"<p>Campus Grafito prihaja iz \u0160panije, ki je znana po zelo kvalitetni keramiki v svetovnem merilu. Z velikostjo 45&#215;45 cm je ta plo\u0161\u010dica primerna ze razli\u010dne povr\u0161ine. Redna cena te plo\u0161\u010dice v maloprodaji zna\u0161a 11,22 EUR, v na\u0161i spletni trgovini pa jo lahko dobite \u017ee za 8,98 EUR. 9 mm je debelina, ki zadovolji tudi zahtevnej\u0161e kupce. Ta kerami\u010dna plo\u0161\u010dica v \u010dudoviti sivi barvi bo obogatila vsak prostor.<\/p>\n<p>Kliknite na ime kolekcije za ogled vseh plo\u0161\u010dic iz te serije: <a class=\"pdfcatal\" href=\"\/\/www.ceramictiles.com\/pdf\/e-ceramica\/ceramic_tiles_catalogue.pdf\" onclick=\"recordOutboundLink(this, 'E-mail', 'Description PDF');return false;\">e-Ceramica Campus<\/a><\/p>\n<p>\u010ce \u017eelite naro\u010diti model iz pdf kataloga te kolekcije, nam pi\u0161ite na: <a href=\"mailto:keramoteka.salon@gmail.com\" onclick=\"recordOutboundLink(this, 'E-mail', 'Description mail');return false;\">keramoteka.salon@gmail.com<\/a> ali pa nas pokli\u010dite na: +386 31 255 900.<\/p>\n<p>Technical description: Full pallet orders only<\/p>\n","protected":false},"excerpt":{"rendered":"<p>Campus Grafito prihaja iz \u0160panije, ki je znana po zelo kvalitetni keramiki v svetovnem merilu. Z velikostjo 45&#215;45 cm je ta plo\u0161\u010dica primerna ze razli\u010dne povr\u0161ine. Redna cena te plo\u0161\u010dice v maloprodaji zna\u0161a 11,22 EUR, v na\u0161i spletni trgovini pa jo lahko dobite \u017ee za 8,98 EUR. 9 mm je debelina, ki zadovolji tudi zahtevnej\u0161e [&hellip;]<\/p>\n","protected":false},"featured_media":106500,"template":"","meta":[],"product_cat":[210,99921414,200,999],"product_tag":[],"_links":{"self":[{"href":"https:\/\/www.keramika.com\/slovenija\/wp-json\/wp\/v2\/product\/106499"}],"collection":[{"href":"https:\/\/www.keramika.com\/slovenija\/wp-json\/wp\/v2\/product"}],"about":[{"href":"https:\/\/www.keramika.com\/slovenija\/wp-json\/wp\/v2\/types\/product"}],"wp:featuredmedia":[{"embeddable":true,"href":"https:\/\/www.keramika.com\/slovenija\/wp-json\/wp\/v2\/media\/106500"}],"wp:attachment":[{"href":"https:\/\/www.keramika.com\/slovenija\/wp-json\/wp\/v2\/media?parent=106499"}],"wp:term":[{"taxonomy":"product_cat","embeddable":true,"href":"https:\/\/www.keramika.com\/slovenija\/wp-json\/wp\/v2\/product_cat?post=106499"},{"taxonomy":"product_tag","embeddable":true,"href":"https:\/\/www.keramika.com\/slovenija\/wp-json\/wp\/v2\/product_tag?post=106499"}],"curies":[{"name":"wp","href":"https:\/\/api.w.org\/{rel}","templated":true}]}}