{"id":106489,"date":"2017-03-23T01:41:28","date_gmt":"2017-03-23T01:41:28","guid":{"rendered":"http:\/\/keramika.holest.com\/slovenija\/product\/keramika-imitacija-kamna-caceres-gris\/"},"modified":"2026-01-04T00:03:14","modified_gmt":"2026-01-04T00:03:14","slug":"keramika-imitacija-kamna-caceres-gris","status":"publish","type":"product","link":"https:\/\/www.keramika.com\/slovenija\/keramika-imitacija-kamna-caceres-gris\/","title":{"rendered":"Keramika imitacija kamna Caceres Gris"},"content":{"rendered":"<p>12,08 EUR v klasi\u010dni trgovini, pri nas pa le 9,66 EUR. Keramika v rjavi barvi popestri vsak prostor. Ta plo\u0161\u010dica prihaja iz \u0160panije, ki je znana po kvalitetni keramiki. 9 mm debeline je dovolj tudi za zahtevnej\u0161e kupce. \u0160irina in dol\u017eina te plo\u0161\u010dice sta 34&#215;34 cm.<\/p>\n<p>Kliknite na ime kolekcije za ogled vseh plo\u0161\u010dic iz te serije: <a class=\"pdfcatal\" href=\"\/\/www.ceramictiles.com\/pdf\/e-ceramica\/ceramic_tiles_catalogue.pdf\" onclick=\"recordOutboundLink(this, 'E-mail', 'Description PDF');return false;\">e-Ceramica Caceres<\/a><\/p>\n<p>\u010ce \u017eelite naro\u010diti model iz pdf kataloga te kolekcije, nam pi\u0161ite na: <a href=\"mailto:keramoteka.salon@gmail.com\" onclick=\"recordOutboundLink(this, 'E-mail', 'Description mail');return false;\">keramoteka.salon@gmail.com<\/a> ali pa nas pokli\u010dite na: +386 31 255 900.<\/p>\n<p>Technical description: Full pallet orders only<\/p>\n","protected":false},"excerpt":{"rendered":"<p>12,08 EUR v klasi\u010dni trgovini, pri nas pa le 9,66 EUR. Keramika v rjavi barvi popestri vsak prostor. Ta plo\u0161\u010dica prihaja iz \u0160panije, ki je znana po kvalitetni keramiki. 9 mm debeline je dovolj tudi za zahtevnej\u0161e kupce. \u0160irina in dol\u017eina te plo\u0161\u010dice sta 34&#215;34 cm. Kliknite na ime kolekcije za ogled vseh plo\u0161\u010dic iz [&hellip;]<\/p>\n","protected":false},"featured_media":106490,"template":"","meta":[],"product_cat":[210,99921414,200,999],"product_tag":[],"_links":{"self":[{"href":"https:\/\/www.keramika.com\/slovenija\/wp-json\/wp\/v2\/product\/106489"}],"collection":[{"href":"https:\/\/www.keramika.com\/slovenija\/wp-json\/wp\/v2\/product"}],"about":[{"href":"https:\/\/www.keramika.com\/slovenija\/wp-json\/wp\/v2\/types\/product"}],"wp:featuredmedia":[{"embeddable":true,"href":"https:\/\/www.keramika.com\/slovenija\/wp-json\/wp\/v2\/media\/106490"}],"wp:attachment":[{"href":"https:\/\/www.keramika.com\/slovenija\/wp-json\/wp\/v2\/media?parent=106489"}],"wp:term":[{"taxonomy":"product_cat","embeddable":true,"href":"https:\/\/www.keramika.com\/slovenija\/wp-json\/wp\/v2\/product_cat?post=106489"},{"taxonomy":"product_tag","embeddable":true,"href":"https:\/\/www.keramika.com\/slovenija\/wp-json\/wp\/v2\/product_tag?post=106489"}],"curies":[{"name":"wp","href":"https:\/\/api.w.org\/{rel}","templated":true}]}}