{"id":106435,"date":"2017-03-23T01:38:20","date_gmt":"2017-03-23T01:38:20","guid":{"rendered":"http:\/\/keramika.holest.com\/slovenija\/product\/keramika-imitacija-lesa-atelier-beige\/"},"modified":"2026-01-04T00:03:08","modified_gmt":"2026-01-04T00:03:08","slug":"keramika-imitacija-lesa-atelier-beige","status":"publish","type":"product","link":"https:\/\/www.keramika.com\/slovenija\/keramika-imitacija-lesa-atelier-beige\/","title":{"rendered":"Keramika imitacija lesa Atelier Beige"},"content":{"rendered":"<p>Zaradi ni\u017ejih stro\u0161kov pri spletni prodaji boste na na\u0161i strani za to plo\u0161\u010dico od\u0161teli le 12,14 EUR. Pri izbiri plo\u0161\u010dice v be\u017e barvi ne morete zgre\u0161iti. Prihaja iz \u0160panije, ki po svetu slovi kot ena bolj\u0161ih proizvajalk kerami\u010dnih plo\u0161\u010dic. Z 20&#215;60 cm je ta plo\u0161\u010dica primerna za razli\u010dne podlage. Plo\u0161\u010dica je debela kar 9 mm, kar jo uvr\u0161\u010da med bolj trde plo\u0161\u010dice.<\/p>\n<p>Kliknite na ime kolekcije za ogled vseh plo\u0161\u010dic iz te serije: <a class=\"pdfcatal\" href=\"\/\/www.ceramictiles.com\/pdf\/e-ceramica\/ceramic_tiles_catalogue.pdf\" onclick=\"recordOutboundLink(this, 'E-mail', 'Description PDF');return false;\">e-Ceramica Atelier<\/a><\/p>\n<p>\u010ce \u017eelite naro\u010diti model iz pdf kataloga te kolekcije, nam pi\u0161ite na: <a href=\"mailto:keramoteka.salon@gmail.com\" onclick=\"recordOutboundLink(this, 'E-mail', 'Description mail');return false;\">keramoteka.salon@gmail.com<\/a> ali pa nas pokli\u010dite na: +386 31 255 900.<\/p>\n<p>Technical description: 19,4&#215;59,3<\/p>\n<p>Full pallet orders only<\/p>\n","protected":false},"excerpt":{"rendered":"<p>Zaradi ni\u017ejih stro\u0161kov pri spletni prodaji boste na na\u0161i strani za to plo\u0161\u010dico od\u0161teli le 12,14 EUR. Pri izbiri plo\u0161\u010dice v be\u017e barvi ne morete zgre\u0161iti. Prihaja iz \u0160panije, ki po svetu slovi kot ena bolj\u0161ih proizvajalk kerami\u010dnih plo\u0161\u010dic. Z 20&#215;60 cm je ta plo\u0161\u010dica primerna za razli\u010dne podlage. Plo\u0161\u010dica je debela kar 9 mm, [&hellip;]<\/p>\n","protected":false},"featured_media":106436,"template":"","meta":[],"product_cat":[210,99921414,200,999],"product_tag":[99921976],"_links":{"self":[{"href":"https:\/\/www.keramika.com\/slovenija\/wp-json\/wp\/v2\/product\/106435"}],"collection":[{"href":"https:\/\/www.keramika.com\/slovenija\/wp-json\/wp\/v2\/product"}],"about":[{"href":"https:\/\/www.keramika.com\/slovenija\/wp-json\/wp\/v2\/types\/product"}],"wp:featuredmedia":[{"embeddable":true,"href":"https:\/\/www.keramika.com\/slovenija\/wp-json\/wp\/v2\/media\/106436"}],"wp:attachment":[{"href":"https:\/\/www.keramika.com\/slovenija\/wp-json\/wp\/v2\/media?parent=106435"}],"wp:term":[{"taxonomy":"product_cat","embeddable":true,"href":"https:\/\/www.keramika.com\/slovenija\/wp-json\/wp\/v2\/product_cat?post=106435"},{"taxonomy":"product_tag","embeddable":true,"href":"https:\/\/www.keramika.com\/slovenija\/wp-json\/wp\/v2\/product_tag?post=106435"}],"curies":[{"name":"wp","href":"https:\/\/api.w.org\/{rel}","templated":true}]}}