{"id":106431,"date":"2017-03-23T01:38:07","date_gmt":"2017-03-23T01:38:07","guid":{"rendered":"http:\/\/keramika.holest.com\/slovenija\/product\/talne-ploscice-arabesco-perla\/"},"modified":"2026-01-04T00:03:07","modified_gmt":"2026-01-04T00:03:07","slug":"talne-ploscice-arabesco-perla","status":"publish","type":"product","link":"https:\/\/www.keramika.com\/slovenija\/talne-ploscice-arabesco-perla\/","title":{"rendered":"Talne plo\u0161\u010dice Arabesco Perla"},"content":{"rendered":"<p>Namesto 11,42 EUR kot bi za to plo\u0161\u010dico od\u0161teli v klasi\u010dni trgovini, boste v na\u0161i spletni prodajalni od\u0161teli le 9,14 EUR. Arabesco Perla je pripeljana iz \u0160panije in je zelo kvalitetna. Z velikostjo 45&#215;45 cm je ta plo\u0161\u010dica primerna ze razli\u010dne povr\u0161ine. 9 mm je debelina, ki zadovolji tudi zahtevnej\u0161e kupce. Ta plo\u0161\u010dica je na voljo v \u010dudoviti sivi barvi, \u010de \u017eelite kak\u0161no drugo barvo pa nas kontaktirajte in preverili bomo pri proizvajalcu.<\/p>\n<p>Kliknite na ime kolekcije za ogled vseh plo\u0161\u010dic iz te serije: <a class=\"pdfcatal\" href=\"\/\/www.ceramictiles.com\/pdf\/e-ceramica\/ceramic_tiles_catalogue.pdf\" onclick=\"recordOutboundLink(this, 'E-mail', 'Description PDF');return false;\">e-Ceramica Arabesco<\/a><\/p>\n<p>\u010ce \u017eelite naro\u010diti model iz pdf kataloga te kolekcije, nam pi\u0161ite na: <a href=\"mailto:keramoteka.salon@gmail.com\" onclick=\"recordOutboundLink(this, 'E-mail', 'Description mail');return false;\">keramoteka.salon@gmail.com<\/a> ali pa nas pokli\u010dite na: +386 31 255 900.<\/p>\n<p>Technical description: Full pallet orders only<\/p>\n","protected":false},"excerpt":{"rendered":"<p>Namesto 11,42 EUR kot bi za to plo\u0161\u010dico od\u0161teli v klasi\u010dni trgovini, boste v na\u0161i spletni prodajalni od\u0161teli le 9,14 EUR. Arabesco Perla je pripeljana iz \u0160panije in je zelo kvalitetna. Z velikostjo 45&#215;45 cm je ta plo\u0161\u010dica primerna ze razli\u010dne povr\u0161ine. 9 mm je debelina, ki zadovolji tudi zahtevnej\u0161e kupce. Ta plo\u0161\u010dica je na [&hellip;]<\/p>\n","protected":false},"featured_media":106432,"template":"","meta":[],"product_cat":[210,99921414,200,999],"product_tag":[],"_links":{"self":[{"href":"https:\/\/www.keramika.com\/slovenija\/wp-json\/wp\/v2\/product\/106431"}],"collection":[{"href":"https:\/\/www.keramika.com\/slovenija\/wp-json\/wp\/v2\/product"}],"about":[{"href":"https:\/\/www.keramika.com\/slovenija\/wp-json\/wp\/v2\/types\/product"}],"wp:featuredmedia":[{"embeddable":true,"href":"https:\/\/www.keramika.com\/slovenija\/wp-json\/wp\/v2\/media\/106432"}],"wp:attachment":[{"href":"https:\/\/www.keramika.com\/slovenija\/wp-json\/wp\/v2\/media?parent=106431"}],"wp:term":[{"taxonomy":"product_cat","embeddable":true,"href":"https:\/\/www.keramika.com\/slovenija\/wp-json\/wp\/v2\/product_cat?post=106431"},{"taxonomy":"product_tag","embeddable":true,"href":"https:\/\/www.keramika.com\/slovenija\/wp-json\/wp\/v2\/product_tag?post=106431"}],"curies":[{"name":"wp","href":"https:\/\/api.w.org\/{rel}","templated":true}]}}