{"id":106421,"date":"2017-03-23T01:37:32","date_gmt":"2017-03-23T01:37:32","guid":{"rendered":"http:\/\/keramika.holest.com\/slovenija\/product\/dekorativne-ploscice-ancara\/"},"modified":"2026-01-04T00:03:06","modified_gmt":"2026-01-04T00:03:06","slug":"dekorativne-ploscice-ancara","status":"publish","type":"product","link":"https:\/\/www.keramika.com\/slovenija\/dekorativne-ploscice-ancara\/","title":{"rendered":"Dekorativne plo\u0161\u010dice Ancara"},"content":{"rendered":"<p>Namesto 12,2 EUR kot bi za to plo\u0161\u010dico od\u0161teli v klasi\u010dni trgovini, boste v na\u0161i spletni prodajalni od\u0161teli le 9,76 EUR. Plo\u0161\u010dica je debela kar 9 mm, kar jo uvr\u0161\u010da med bolj trde plo\u0161\u010dice. Velikost te plo\u0161\u010dice je 45&#215;45 cm in je primerna za razli\u010dne povr\u0161ine. Ancara je plo\u0161\u010dica proizvajalca e-Ceramica in prihaja iz \u0160panije. Zelo moderna plo\u0161\u010dica v rjavi barvi popestri prav vsak prostor.<\/p>\n<p>Kliknite na ime kolekcije za ogled vseh plo\u0161\u010dic iz te serije: <a class=\"pdfcatal\" href=\"\/\/www.ceramictiles.com\/pdf\/e-ceramica\/ceramic_tiles_catalogue.pdf\" onclick=\"recordOutboundLink(this, 'E-mail', 'Description PDF');return false;\">e-Ceramica Ancara<\/a><\/p>\n<p>\u010ce \u017eelite naro\u010diti model iz pdf kataloga te kolekcije, nam pi\u0161ite na: <a href=\"mailto:keramoteka.salon@gmail.com\" onclick=\"recordOutboundLink(this, 'E-mail', 'Description mail');return false;\">keramoteka.salon@gmail.com<\/a> ali pa nas pokli\u010dite na: +386 31 255 900.<\/p>\n<p>Technical description: Full pallet orders only<\/p>\n","protected":false},"excerpt":{"rendered":"<p>Namesto 12,2 EUR kot bi za to plo\u0161\u010dico od\u0161teli v klasi\u010dni trgovini, boste v na\u0161i spletni prodajalni od\u0161teli le 9,76 EUR. Plo\u0161\u010dica je debela kar 9 mm, kar jo uvr\u0161\u010da med bolj trde plo\u0161\u010dice. Velikost te plo\u0161\u010dice je 45&#215;45 cm in je primerna za razli\u010dne povr\u0161ine. Ancara je plo\u0161\u010dica proizvajalca e-Ceramica in prihaja iz \u0160panije. [&hellip;]<\/p>\n","protected":false},"featured_media":106422,"template":"","meta":[],"product_cat":[210,99921414,200,999],"product_tag":[],"_links":{"self":[{"href":"https:\/\/www.keramika.com\/slovenija\/wp-json\/wp\/v2\/product\/106421"}],"collection":[{"href":"https:\/\/www.keramika.com\/slovenija\/wp-json\/wp\/v2\/product"}],"about":[{"href":"https:\/\/www.keramika.com\/slovenija\/wp-json\/wp\/v2\/types\/product"}],"wp:featuredmedia":[{"embeddable":true,"href":"https:\/\/www.keramika.com\/slovenija\/wp-json\/wp\/v2\/media\/106422"}],"wp:attachment":[{"href":"https:\/\/www.keramika.com\/slovenija\/wp-json\/wp\/v2\/media?parent=106421"}],"wp:term":[{"taxonomy":"product_cat","embeddable":true,"href":"https:\/\/www.keramika.com\/slovenija\/wp-json\/wp\/v2\/product_cat?post=106421"},{"taxonomy":"product_tag","embeddable":true,"href":"https:\/\/www.keramika.com\/slovenija\/wp-json\/wp\/v2\/product_tag?post=106421"}],"curies":[{"name":"wp","href":"https:\/\/api.w.org\/{rel}","templated":true}]}}