{"id":106411,"date":"2017-03-23T01:36:54","date_gmt":"2017-03-23T01:36:54","guid":{"rendered":"http:\/\/keramika.holest.com\/slovenija\/product\/ploscice-imitacija-kamna-alabastro-crema\/"},"modified":"2026-01-04T00:03:04","modified_gmt":"2026-01-04T00:03:04","slug":"ploscice-imitacija-kamna-alabastro-crema","status":"publish","type":"product","link":"https:\/\/www.keramika.com\/slovenija\/ploscice-imitacija-kamna-alabastro-crema\/","title":{"rendered":"Plo\u0161\u010dice imitacija kamna Alabastro Crema"},"content":{"rendered":"<p>Alabastro Crema je plo\u0161\u010dica proizvajalca e-Ceramica in prihaja iz \u0160panije. Dimenzije te plo\u0161\u010dice so 56,5&#215;56,5 cm. Redna cena te plo\u0161\u010dice v maloprodaji zna\u0161a 17,75 EUR, v na\u0161i spletni trgovini pa jo lahko dobite \u017ee za 14,2 EUR. Debelina plo\u0161\u010dice je zelo pomembna in 9 mm uvr\u0161\u010da to plo\u0161\u010dico med najkvalitetnej\u0161e. Zelo moderna plo\u0161\u010dica v beli barvi popestri prav vsak prostor.<\/p>\n<p>Kliknite na ime kolekcije za ogled vseh plo\u0161\u010dic iz te serije: <a class=\"pdfcatal\" href=\"\/\/www.ceramictiles.com\/pdf\/e-ceramica\/ceramic_tiles_catalogue.pdf\" onclick=\"recordOutboundLink(this, 'E-mail', 'Description PDF');return false;\">e-Ceramica Alabastro<\/a><\/p>\n<p>\u010ce \u017eelite naro\u010diti model iz pdf kataloga te kolekcije, nam pi\u0161ite na: <a href=\"mailto:keramoteka.salon@gmail.com\" onclick=\"recordOutboundLink(this, 'E-mail', 'Description mail');return false;\">keramoteka.salon@gmail.com<\/a> ali pa nas pokli\u010dite na: +386 31 255 900.<\/p>\n<p>Technical description: Full pallet orders only<\/p>\n","protected":false},"excerpt":{"rendered":"<p>Alabastro Crema je plo\u0161\u010dica proizvajalca e-Ceramica in prihaja iz \u0160panije. Dimenzije te plo\u0161\u010dice so 56,5&#215;56,5 cm. Redna cena te plo\u0161\u010dice v maloprodaji zna\u0161a 17,75 EUR, v na\u0161i spletni trgovini pa jo lahko dobite \u017ee za 14,2 EUR. Debelina plo\u0161\u010dice je zelo pomembna in 9 mm uvr\u0161\u010da to plo\u0161\u010dico med najkvalitetnej\u0161e. Zelo moderna plo\u0161\u010dica v beli [&hellip;]<\/p>\n","protected":false},"featured_media":106412,"template":"","meta":[],"product_cat":[210,99921414,200,999],"product_tag":[],"_links":{"self":[{"href":"https:\/\/www.keramika.com\/slovenija\/wp-json\/wp\/v2\/product\/106411"}],"collection":[{"href":"https:\/\/www.keramika.com\/slovenija\/wp-json\/wp\/v2\/product"}],"about":[{"href":"https:\/\/www.keramika.com\/slovenija\/wp-json\/wp\/v2\/types\/product"}],"wp:featuredmedia":[{"embeddable":true,"href":"https:\/\/www.keramika.com\/slovenija\/wp-json\/wp\/v2\/media\/106412"}],"wp:attachment":[{"href":"https:\/\/www.keramika.com\/slovenija\/wp-json\/wp\/v2\/media?parent=106411"}],"wp:term":[{"taxonomy":"product_cat","embeddable":true,"href":"https:\/\/www.keramika.com\/slovenija\/wp-json\/wp\/v2\/product_cat?post=106411"},{"taxonomy":"product_tag","embeddable":true,"href":"https:\/\/www.keramika.com\/slovenija\/wp-json\/wp\/v2\/product_tag?post=106411"}],"curies":[{"name":"wp","href":"https:\/\/api.w.org\/{rel}","templated":true}]}}