{"id":106403,"date":"2017-03-23T01:36:27","date_gmt":"2017-03-23T01:36:27","guid":{"rendered":"http:\/\/keramika.holest.com\/slovenija\/product\/dekorativne-ploscice-vives-acorn-cemento\/"},"modified":"2026-01-04T00:03:03","modified_gmt":"2026-01-04T00:03:03","slug":"dekorativne-ploscice-vives-acorn-cemento","status":"publish","type":"product","link":"https:\/\/www.keramika.com\/slovenija\/dekorativne-ploscice-vives-acorn-cemento\/","title":{"rendered":"Dekorativne plo\u0161\u010dice Vives Acorn Cemento"},"content":{"rendered":"<p>Zelo moderna plo\u0161\u010dica v sivi barvi popestri prav vsak prostor. Ta plo\u0161\u010dica je debela 8 mm in je zelo trpe\u017ena. Vives Acorn Cemento je pripeljana iz \u0160panije in je zelo kvalitetna. Z 20&#215;20 cm je ta plo\u0161\u010dica primerna za razli\u010dne podlage. Redna cena te plo\u0161\u010dice v maloprodaji zna\u0161a 38,02 EUR, v na\u0161i spletni trgovini pa jo lahko dobite \u017ee za 30,42 EUR.<\/p>\n<p>Kliknite na ime kolekcije za ogled vseh plo\u0161\u010dic iz te serije: <a class=\"pdfcatal\" href=\"\/\/www.ceramictiles.com\/pdf\/vives\/catalogue_vives_world_streets.pdf\" onclick=\"recordOutboundLink(this, 'E-mail', 'Description PDF');return false;\">Ceramica Vives World Streets<\/a><\/p>\n<p>\u010ce \u017eelite naro\u010diti model iz pdf kataloga te kolekcije, nam pi\u0161ite na: <a href=\"mailto:keramoteka.salon@gmail.com\" onclick=\"recordOutboundLink(this, 'E-mail', 'Description mail');return false;\">keramoteka.salon@gmail.com<\/a> ali pa nas pokli\u010dite na: +386 31 255 900.<\/p>\n<p>World Streets je stenska in talna keramika, ki s svojimi ne\u017enimi vzorci razbije monotonost.<\/p>\n","protected":false},"excerpt":{"rendered":"<p>Zelo moderna plo\u0161\u010dica v sivi barvi popestri prav vsak prostor. Ta plo\u0161\u010dica je debela 8 mm in je zelo trpe\u017ena. Vives Acorn Cemento je pripeljana iz \u0160panije in je zelo kvalitetna. Z 20&#215;20 cm je ta plo\u0161\u010dica primerna za razli\u010dne podlage. Redna cena te plo\u0161\u010dice v maloprodaji zna\u0161a 38,02 EUR, v na\u0161i spletni trgovini pa [&hellip;]<\/p>\n","protected":false},"featured_media":106404,"template":"","meta":[],"product_cat":[210,200,999,999136],"product_tag":[],"_links":{"self":[{"href":"https:\/\/www.keramika.com\/slovenija\/wp-json\/wp\/v2\/product\/106403"}],"collection":[{"href":"https:\/\/www.keramika.com\/slovenija\/wp-json\/wp\/v2\/product"}],"about":[{"href":"https:\/\/www.keramika.com\/slovenija\/wp-json\/wp\/v2\/types\/product"}],"wp:featuredmedia":[{"embeddable":true,"href":"https:\/\/www.keramika.com\/slovenija\/wp-json\/wp\/v2\/media\/106404"}],"wp:attachment":[{"href":"https:\/\/www.keramika.com\/slovenija\/wp-json\/wp\/v2\/media?parent=106403"}],"wp:term":[{"taxonomy":"product_cat","embeddable":true,"href":"https:\/\/www.keramika.com\/slovenija\/wp-json\/wp\/v2\/product_cat?post=106403"},{"taxonomy":"product_tag","embeddable":true,"href":"https:\/\/www.keramika.com\/slovenija\/wp-json\/wp\/v2\/product_tag?post=106403"}],"curies":[{"name":"wp","href":"https:\/\/api.w.org\/{rel}","templated":true}]}}