{"id":106385,"date":"2017-03-23T01:35:32","date_gmt":"2017-03-23T01:35:32","guid":{"rendered":"http:\/\/keramika.holest.com\/slovenija\/product\/keramika-imitacija-lesa-vives-nora-r-noce\/"},"modified":"2026-01-04T00:03:00","modified_gmt":"2026-01-04T00:03:00","slug":"keramika-imitacija-lesa-vives-nora-r-noce","status":"publish","type":"product","link":"https:\/\/www.keramika.com\/slovenija\/keramika-imitacija-lesa-vives-nora-r-noce\/","title":{"rendered":"Keramika imitacija lesa Vives Nora-R Noce"},"content":{"rendered":"<p>Plo\u0161\u010dica je debela kar 10 mm, kar jo uvr\u0161\u010da med bolj trde plo\u0161\u010dice. Vives Nora-R Noce je plo\u0161\u010dica proizvajalca Ceramica Vives in prihaja iz \u0160panije. Letos so plo\u0161\u010dice v rjavi barvi zelo za\u017eeljene. Zaradi ni\u017ejih stro\u0161kov pri spletni prodaji boste na na\u0161i strani za to plo\u0161\u010dico od\u0161teli le 49,9 EUR. Plo\u0161\u010dica na sliki je velika 21,8&#215;89,3 cm.<\/p>\n<p>Kliknite na ime kolekcije za ogled vseh plo\u0161\u010dic iz te serije: <a class=\"pdfcatal\" href=\"\/\/www.ceramictiles.com\/pdf\/vives\/catalogue_vives_nora.pdf\" onclick=\"recordOutboundLink(this, 'E-mail', 'Description PDF');return false;\">Ceramica Vives Nora<\/a><\/p>\n<p>\u010ce \u017eelite naro\u010diti model iz pdf kataloga te kolekcije, nam pi\u0161ite na: <a href=\"mailto:keramoteka.salon@gmail.com\" onclick=\"recordOutboundLink(this, 'E-mail', 'Description mail');return false;\">keramoteka.salon@gmail.com<\/a> ali pa nas pokli\u010dite na: +386 31 255 900.<\/p>\n<p>V seriji Nora so zajete razli\u010dne imitacije lesa, ki so iz porcelana.<\/p>\n","protected":false},"excerpt":{"rendered":"<p>Plo\u0161\u010dica je debela kar 10 mm, kar jo uvr\u0161\u010da med bolj trde plo\u0161\u010dice. Vives Nora-R Noce je plo\u0161\u010dica proizvajalca Ceramica Vives in prihaja iz \u0160panije. Letos so plo\u0161\u010dice v rjavi barvi zelo za\u017eeljene. Zaradi ni\u017ejih stro\u0161kov pri spletni prodaji boste na na\u0161i strani za to plo\u0161\u010dico od\u0161teli le 49,9 EUR. Plo\u0161\u010dica na sliki je velika [&hellip;]<\/p>\n","protected":false},"featured_media":106386,"template":"","meta":[],"product_cat":[210,200,999,999136],"product_tag":[99921976],"_links":{"self":[{"href":"https:\/\/www.keramika.com\/slovenija\/wp-json\/wp\/v2\/product\/106385"}],"collection":[{"href":"https:\/\/www.keramika.com\/slovenija\/wp-json\/wp\/v2\/product"}],"about":[{"href":"https:\/\/www.keramika.com\/slovenija\/wp-json\/wp\/v2\/types\/product"}],"wp:featuredmedia":[{"embeddable":true,"href":"https:\/\/www.keramika.com\/slovenija\/wp-json\/wp\/v2\/media\/106386"}],"wp:attachment":[{"href":"https:\/\/www.keramika.com\/slovenija\/wp-json\/wp\/v2\/media?parent=106385"}],"wp:term":[{"taxonomy":"product_cat","embeddable":true,"href":"https:\/\/www.keramika.com\/slovenija\/wp-json\/wp\/v2\/product_cat?post=106385"},{"taxonomy":"product_tag","embeddable":true,"href":"https:\/\/www.keramika.com\/slovenija\/wp-json\/wp\/v2\/product_tag?post=106385"}],"curies":[{"name":"wp","href":"https:\/\/api.w.org\/{rel}","templated":true}]}}