{"id":106383,"date":"2017-03-23T01:35:26","date_gmt":"2017-03-23T01:35:26","guid":{"rendered":"http:\/\/keramika.holest.com\/slovenija\/product\/ploscice-za-kopalnico-vives-cob-r-barro\/"},"modified":"2026-01-04T00:03:00","modified_gmt":"2026-01-04T00:03:00","slug":"ploscice-za-kopalnico-vives-cob-r-barro","status":"publish","type":"product","link":"https:\/\/www.keramika.com\/slovenija\/ploscice-za-kopalnico-vives-cob-r-barro\/","title":{"rendered":"Plo\u0161\u010dice za kopalnico Vives Cob-R Barro"},"content":{"rendered":"<p>Vives Cob-R Barro je pripeljana iz \u0160panije in je zelo kvalitetna. 10 mm je debelina, ki zadovolji tudi zahtevnej\u0161e kupce. Redna cena te plo\u0161\u010dice v maloprodaji zna\u0161a 58,78 EUR, v na\u0161i spletni trgovini pa jo lahko dobite \u017ee za 47,02 EUR. Zelo moderna plo\u0161\u010dica v rjavi barvi popestri prav vsak prostor. Z 20&#215;60 cm je ta plo\u0161\u010dica primerna za razli\u010dne podlage.<\/p>\n<p>Kliknite na ime kolekcije za ogled vseh plo\u0161\u010dic iz te serije: <a class=\"pdfcatal\" href=\"\/\/www.ceramictiles.com\/pdf\/vives\/catalogue_vives_muro.pdf\" onclick=\"recordOutboundLink(this, 'E-mail', 'Description PDF');return false;\">Ceramica Vives Muro<\/a><\/p>\n<p>\u010ce \u017eelite naro\u010diti model iz pdf kataloga te kolekcije, nam pi\u0161ite na: <a href=\"mailto:keramoteka.salon@gmail.com\" onclick=\"recordOutboundLink(this, 'E-mail', 'Description mail');return false;\">keramoteka.salon@gmail.com<\/a> ali pa nas pokli\u010dite na: +386 31 255 900.<\/p>\n<p>Muro porcelan keramika v imitaciji opek je primerna tako za tla kakor tudi stene.<\/p>\n<p>Technical description: 19,4&#215;59,3<\/p>\n","protected":false},"excerpt":{"rendered":"<p>Vives Cob-R Barro je pripeljana iz \u0160panije in je zelo kvalitetna. 10 mm je debelina, ki zadovolji tudi zahtevnej\u0161e kupce. Redna cena te plo\u0161\u010dice v maloprodaji zna\u0161a 58,78 EUR, v na\u0161i spletni trgovini pa jo lahko dobite \u017ee za 47,02 EUR. Zelo moderna plo\u0161\u010dica v rjavi barvi popestri prav vsak prostor. Z 20&#215;60 cm je [&hellip;]<\/p>\n","protected":false},"featured_media":106384,"template":"","meta":[],"product_cat":[210,200,999,999136],"product_tag":[99921980],"_links":{"self":[{"href":"https:\/\/www.keramika.com\/slovenija\/wp-json\/wp\/v2\/product\/106383"}],"collection":[{"href":"https:\/\/www.keramika.com\/slovenija\/wp-json\/wp\/v2\/product"}],"about":[{"href":"https:\/\/www.keramika.com\/slovenija\/wp-json\/wp\/v2\/types\/product"}],"wp:featuredmedia":[{"embeddable":true,"href":"https:\/\/www.keramika.com\/slovenija\/wp-json\/wp\/v2\/media\/106384"}],"wp:attachment":[{"href":"https:\/\/www.keramika.com\/slovenija\/wp-json\/wp\/v2\/media?parent=106383"}],"wp:term":[{"taxonomy":"product_cat","embeddable":true,"href":"https:\/\/www.keramika.com\/slovenija\/wp-json\/wp\/v2\/product_cat?post=106383"},{"taxonomy":"product_tag","embeddable":true,"href":"https:\/\/www.keramika.com\/slovenija\/wp-json\/wp\/v2\/product_tag?post=106383"}],"curies":[{"name":"wp","href":"https:\/\/api.w.org\/{rel}","templated":true}]}}