{"id":106381,"date":"2017-03-23T01:35:19","date_gmt":"2017-03-23T01:35:19","guid":{"rendered":"http:\/\/keramika.holest.com\/slovenija\/product\/talne-ploscice-vives-massena-blanco\/"},"modified":"2026-01-04T00:03:00","modified_gmt":"2026-01-04T00:03:00","slug":"talne-ploscice-vives-massena-blanco","status":"publish","type":"product","link":"https:\/\/www.keramika.com\/slovenija\/talne-ploscice-vives-massena-blanco\/","title":{"rendered":"Talne plo\u0161\u010dice Vives Massena Blanco"},"content":{"rendered":"<p>Plo\u0161\u010dica je debela kar 10 mm, kar jo uvr\u0161\u010da med bolj trde plo\u0161\u010dice. Vives Massena Blanco je na voljo po zelo ugodni ceni 35,36 EUR. To plo\u0161\u010dico je izdelal proizvajalec Ceramica Vives, ki prihaja iz \u0160panije. Ta model plo\u0161\u010dice se najbolje prodaja v beli barvi. Velikost te plo\u0161\u010dice je 60&#215;60 cm.<\/p>\n<p>Kliknite na ime kolekcije za ogled vseh plo\u0161\u010dic iz te serije: <a class=\"pdfcatal\" href=\"\/\/www.ceramictiles.com\/pdf\/vives\/catalogue_vives_massena.pdf\" onclick=\"recordOutboundLink(this, 'E-mail', 'Description PDF');return false;\">Ceramica Vives Massena<\/a><\/p>\n<p>\u010ce \u017eelite naro\u010diti model iz pdf kataloga te kolekcije, nam pi\u0161ite na: <a href=\"mailto:keramoteka.salon@gmail.com\" onclick=\"recordOutboundLink(this, 'E-mail', 'Description mail');return false;\">keramoteka.salon@gmail.com<\/a> ali pa nas pokli\u010dite na: +386 31 255 900.<\/p>\n<p>Keramika iz porcelana Massena v imitaciji betona je primerna za notranje kakor tudi zunanje povr\u0161ine.<\/p>\n","protected":false},"excerpt":{"rendered":"<p>Plo\u0161\u010dica je debela kar 10 mm, kar jo uvr\u0161\u010da med bolj trde plo\u0161\u010dice. Vives Massena Blanco je na voljo po zelo ugodni ceni 35,36 EUR. To plo\u0161\u010dico je izdelal proizvajalec Ceramica Vives, ki prihaja iz \u0160panije. Ta model plo\u0161\u010dice se najbolje prodaja v beli barvi. Velikost te plo\u0161\u010dice je 60&#215;60 cm. Kliknite na ime kolekcije [&hellip;]<\/p>\n","protected":false},"featured_media":106382,"template":"","meta":[],"product_cat":[210,200,999,999136],"product_tag":[],"_links":{"self":[{"href":"https:\/\/www.keramika.com\/slovenija\/wp-json\/wp\/v2\/product\/106381"}],"collection":[{"href":"https:\/\/www.keramika.com\/slovenija\/wp-json\/wp\/v2\/product"}],"about":[{"href":"https:\/\/www.keramika.com\/slovenija\/wp-json\/wp\/v2\/types\/product"}],"wp:featuredmedia":[{"embeddable":true,"href":"https:\/\/www.keramika.com\/slovenija\/wp-json\/wp\/v2\/media\/106382"}],"wp:attachment":[{"href":"https:\/\/www.keramika.com\/slovenija\/wp-json\/wp\/v2\/media?parent=106381"}],"wp:term":[{"taxonomy":"product_cat","embeddable":true,"href":"https:\/\/www.keramika.com\/slovenija\/wp-json\/wp\/v2\/product_cat?post=106381"},{"taxonomy":"product_tag","embeddable":true,"href":"https:\/\/www.keramika.com\/slovenija\/wp-json\/wp\/v2\/product_tag?post=106381"}],"curies":[{"name":"wp","href":"https:\/\/api.w.org\/{rel}","templated":true}]}}