{"id":106379,"date":"2017-03-23T01:35:13","date_gmt":"2017-03-23T01:35:13","guid":{"rendered":"http:\/\/keramika.holest.com\/slovenija\/product\/dekorativne-ploscice-vives-hamar\/"},"modified":"2026-01-04T00:03:00","modified_gmt":"2026-01-04T00:03:00","slug":"dekorativne-ploscice-vives-hamar","status":"publish","type":"product","link":"https:\/\/www.keramika.com\/slovenija\/dekorativne-ploscice-vives-hamar\/","title":{"rendered":"Dekorativne plo\u0161\u010dice Vives Hamar"},"content":{"rendered":"<p>Debelina kar 8 mm dela to plo\u0161\u010dico zelo trpe\u017eno in presti\u017eno na otip. Keramika v beli barvi popestri vsak prostor. 41,22 EUR v klasi\u010dni trgovini, pri nas pa le 32,98 EUR. Z velikostjo 20&#215;20 cm je ta plo\u0161\u010dica primerna ze razli\u010dne povr\u0161ine. To plo\u0161\u010dico je izdelal proizvajalec Ceramica Vives, ki prihaja iz \u0160panije.<\/p>\n<p>Kliknite na ime kolekcije za ogled vseh plo\u0161\u010dic iz te serije: <a class=\"pdfcatal\" href=\"\/\/www.ceramictiles.com\/pdf\/vives\/catalogue_vives_maori.pdf\" onclick=\"recordOutboundLink(this, 'E-mail', 'Description PDF');return false;\">Ceramica Vives Maori<\/a><\/p>\n<p>\u010ce \u017eelite naro\u010diti model iz pdf kataloga te kolekcije, nam pi\u0161ite na: <a href=\"mailto:keramoteka.salon@gmail.com\" onclick=\"recordOutboundLink(this, 'E-mail', 'Description mail');return false;\">keramoteka.salon@gmail.com<\/a> ali pa nas pokli\u010dite na: +386 31 255 900.<\/p>\n<p>Sodobna vzor\u010dasta keramika Maori obuja tradicijo na nov, sodoben na\u010din, zaradi \u010desar so vzorci primerni tudi za sodobne prostore.<\/p>\n","protected":false},"excerpt":{"rendered":"<p>Debelina kar 8 mm dela to plo\u0161\u010dico zelo trpe\u017eno in presti\u017eno na otip. Keramika v beli barvi popestri vsak prostor. 41,22 EUR v klasi\u010dni trgovini, pri nas pa le 32,98 EUR. Z velikostjo 20&#215;20 cm je ta plo\u0161\u010dica primerna ze razli\u010dne povr\u0161ine. To plo\u0161\u010dico je izdelal proizvajalec Ceramica Vives, ki prihaja iz \u0160panije. Kliknite na [&hellip;]<\/p>\n","protected":false},"featured_media":106380,"template":"","meta":[],"product_cat":[210,200,999,999136],"product_tag":[],"_links":{"self":[{"href":"https:\/\/www.keramika.com\/slovenija\/wp-json\/wp\/v2\/product\/106379"}],"collection":[{"href":"https:\/\/www.keramika.com\/slovenija\/wp-json\/wp\/v2\/product"}],"about":[{"href":"https:\/\/www.keramika.com\/slovenija\/wp-json\/wp\/v2\/types\/product"}],"wp:featuredmedia":[{"embeddable":true,"href":"https:\/\/www.keramika.com\/slovenija\/wp-json\/wp\/v2\/media\/106380"}],"wp:attachment":[{"href":"https:\/\/www.keramika.com\/slovenija\/wp-json\/wp\/v2\/media?parent=106379"}],"wp:term":[{"taxonomy":"product_cat","embeddable":true,"href":"https:\/\/www.keramika.com\/slovenija\/wp-json\/wp\/v2\/product_cat?post=106379"},{"taxonomy":"product_tag","embeddable":true,"href":"https:\/\/www.keramika.com\/slovenija\/wp-json\/wp\/v2\/product_tag?post=106379"}],"curies":[{"name":"wp","href":"https:\/\/api.w.org\/{rel}","templated":true}]}}