{"id":106375,"date":"2017-03-23T01:34:58","date_gmt":"2017-03-23T01:34:58","guid":{"rendered":"http:\/\/keramika.holest.com\/slovenija\/product\/ploscice-imitacija-kamna-vives-greystone-r-leather\/"},"modified":"2026-01-04T00:03:00","modified_gmt":"2026-01-04T00:03:00","slug":"ploscice-imitacija-kamna-vives-greystone-r-leather","status":"publish","type":"product","link":"https:\/\/www.keramika.com\/slovenija\/ploscice-imitacija-kamna-vives-greystone-r-leather\/","title":{"rendered":"Plo\u0161\u010dice imitacija kamna Vives Greystone-R Leather"},"content":{"rendered":"<p>Na spletu boste za to plo\u0161\u010dico od\u0161teli le 70,5 EUR, medtem ko v redni prodaji cena zna\u0161a 88,12 EUR. Ta plo\u0161\u010dica je debela 11 mm in je zelo trpe\u017ena. Letos so plo\u0161\u010dice v sivi barvi zelo za\u017eeljene. Vives Greystone-R Leather je pripeljana iz \u0160panije in je zelo kvalitetna. Velikost te plo\u0161\u010dice je 14,3&#215;119,3 cm in je primerna za razli\u010dne povr\u0161ine.<\/p>\n<p>Kliknite na ime kolekcije za ogled vseh plo\u0161\u010dic iz te serije: <a class=\"pdfcatal\" href=\"\/\/www.ceramictiles.com\/pdf\/vives\/catalogue_vives_greystone.pdf\" onclick=\"recordOutboundLink(this, 'E-mail', 'Description PDF');return false;\">Ceramica Vives Greystone<\/a><\/p>\n<p>\u010ce \u017eelite naro\u010diti model iz pdf kataloga te kolekcije, nam pi\u0161ite na: <a href=\"mailto:keramoteka.salon@gmail.com\" onclick=\"recordOutboundLink(this, 'E-mail', 'Description mail');return false;\">keramoteka.salon@gmail.com<\/a> ali pa nas pokli\u010dite na: +386 31 255 900.<\/p>\n<p>Keramika Greystone je porcelan keramika, ki na zelo eleganten na\u010din imitira kamen.<\/p>\n","protected":false},"excerpt":{"rendered":"<p>Na spletu boste za to plo\u0161\u010dico od\u0161teli le 70,5 EUR, medtem ko v redni prodaji cena zna\u0161a 88,12 EUR. Ta plo\u0161\u010dica je debela 11 mm in je zelo trpe\u017ena. Letos so plo\u0161\u010dice v sivi barvi zelo za\u017eeljene. Vives Greystone-R Leather je pripeljana iz \u0160panije in je zelo kvalitetna. Velikost te plo\u0161\u010dice je 14,3&#215;119,3 cm in [&hellip;]<\/p>\n","protected":false},"featured_media":106376,"template":"","meta":[],"product_cat":[210,200,999,999136],"product_tag":[],"_links":{"self":[{"href":"https:\/\/www.keramika.com\/slovenija\/wp-json\/wp\/v2\/product\/106375"}],"collection":[{"href":"https:\/\/www.keramika.com\/slovenija\/wp-json\/wp\/v2\/product"}],"about":[{"href":"https:\/\/www.keramika.com\/slovenija\/wp-json\/wp\/v2\/types\/product"}],"wp:featuredmedia":[{"embeddable":true,"href":"https:\/\/www.keramika.com\/slovenija\/wp-json\/wp\/v2\/media\/106376"}],"wp:attachment":[{"href":"https:\/\/www.keramika.com\/slovenija\/wp-json\/wp\/v2\/media?parent=106375"}],"wp:term":[{"taxonomy":"product_cat","embeddable":true,"href":"https:\/\/www.keramika.com\/slovenija\/wp-json\/wp\/v2\/product_cat?post=106375"},{"taxonomy":"product_tag","embeddable":true,"href":"https:\/\/www.keramika.com\/slovenija\/wp-json\/wp\/v2\/product_tag?post=106375"}],"curies":[{"name":"wp","href":"https:\/\/api.w.org\/{rel}","templated":true}]}}