{"id":106373,"date":"2017-03-23T01:34:51","date_gmt":"2017-03-23T01:34:51","guid":{"rendered":"http:\/\/keramika.holest.com\/slovenija\/product\/talne-ploscice-vives-goldstone-r-leather\/"},"modified":"2026-01-04T00:02:59","modified_gmt":"2026-01-04T00:02:59","slug":"talne-ploscice-vives-goldstone-r-leather","status":"publish","type":"product","link":"https:\/\/www.keramika.com\/slovenija\/talne-ploscice-vives-goldstone-r-leather\/","title":{"rendered":"Talne plo\u0161\u010dice Vives Goldstone-R Leather"},"content":{"rendered":"<p>10 mm je debelina, ki zadovolji tudi zahtevnej\u0161e kupce. Vives Goldstone-R Leather je pripeljana iz \u0160panije in je zelo kvalitetna. Velikost te plo\u0161\u010dice je 59,3&#215;59,3 cm in je primerna za razli\u010dne povr\u0161ine. Ta plo\u0161\u010dica je na voljo v \u010dudoviti be\u017e barvi, \u010de \u017eelite kak\u0161no drugo barvo pa nas kontaktirajte in preverili bomo pri proizvajalcu. V redni prodaji bi morali za to plo\u0161\u010dico od\u0161teti 53,75 EUR, spletna cena pa zna\u0161a le 43 EUR.<\/p>\n<p>Kliknite na ime kolekcije za ogled vseh plo\u0161\u010dic iz te serije: <a class=\"pdfcatal\" href=\"\/\/www.ceramictiles.com\/pdf\/vives\/catalogue_vives_goldstone.pdf\" onclick=\"recordOutboundLink(this, 'E-mail', 'Description PDF');return false;\">Ceramica Vives Goldstone<\/a><\/p>\n<p>\u010ce \u017eelite naro\u010diti model iz pdf kataloga te kolekcije, nam pi\u0161ite na: <a href=\"mailto:keramoteka.salon@gmail.com\" onclick=\"recordOutboundLink(this, 'E-mail', 'Description mail');return false;\">keramoteka.salon@gmail.com<\/a> ali pa nas pokli\u010dite na: +386 31 255 900.<\/p>\n<p>Porcelan keramika v imitaciji kamna Goldstone je primerna za stenske kakor tudi talne povr\u0161ine.<\/p>\n","protected":false},"excerpt":{"rendered":"<p>10 mm je debelina, ki zadovolji tudi zahtevnej\u0161e kupce. Vives Goldstone-R Leather je pripeljana iz \u0160panije in je zelo kvalitetna. Velikost te plo\u0161\u010dice je 59,3&#215;59,3 cm in je primerna za razli\u010dne povr\u0161ine. Ta plo\u0161\u010dica je na voljo v \u010dudoviti be\u017e barvi, \u010de \u017eelite kak\u0161no drugo barvo pa nas kontaktirajte in preverili bomo pri proizvajalcu. V [&hellip;]<\/p>\n","protected":false},"featured_media":106374,"template":"","meta":[],"product_cat":[210,200,999,999136],"product_tag":[],"_links":{"self":[{"href":"https:\/\/www.keramika.com\/slovenija\/wp-json\/wp\/v2\/product\/106373"}],"collection":[{"href":"https:\/\/www.keramika.com\/slovenija\/wp-json\/wp\/v2\/product"}],"about":[{"href":"https:\/\/www.keramika.com\/slovenija\/wp-json\/wp\/v2\/types\/product"}],"wp:featuredmedia":[{"embeddable":true,"href":"https:\/\/www.keramika.com\/slovenija\/wp-json\/wp\/v2\/media\/106374"}],"wp:attachment":[{"href":"https:\/\/www.keramika.com\/slovenija\/wp-json\/wp\/v2\/media?parent=106373"}],"wp:term":[{"taxonomy":"product_cat","embeddable":true,"href":"https:\/\/www.keramika.com\/slovenija\/wp-json\/wp\/v2\/product_cat?post=106373"},{"taxonomy":"product_tag","embeddable":true,"href":"https:\/\/www.keramika.com\/slovenija\/wp-json\/wp\/v2\/product_tag?post=106373"}],"curies":[{"name":"wp","href":"https:\/\/api.w.org\/{rel}","templated":true}]}}