{"id":106371,"date":"2017-03-23T01:34:42","date_gmt":"2017-03-23T01:34:42","guid":{"rendered":"http:\/\/keramika.holest.com\/slovenija\/product\/keramika-imitacija-lesa-vives-gamma-r-blanco\/"},"modified":"2026-01-04T00:02:59","modified_gmt":"2026-01-04T00:02:59","slug":"keramika-imitacija-lesa-vives-gamma-r-blanco","status":"publish","type":"product","link":"https:\/\/www.keramika.com\/slovenija\/keramika-imitacija-lesa-vives-gamma-r-blanco\/","title":{"rendered":"Keramika imitacija lesa Vives Gamma-R Blanco"},"content":{"rendered":"<p>9 mm debeline je dovolj tudi za zahtevnej\u0161e kupce. 46,9 EUR v klasi\u010dni trgovini, pri nas pa le 37,52 EUR. To plo\u0161\u010dico je izdelal proizvajalec Ceramica Vives, ki prihaja iz \u0160panije. \u0160irina in dol\u017eina te plo\u0161\u010dice sta 14,4&#215;89,3 cm. Ta plo\u0161\u010dica je na voljo v \u010dudoviti beli barvi, \u010de \u017eelite kak\u0161no drugo barvo pa nas kontaktirajte in preverili bomo pri proizvajalcu.<\/p>\n<p>Kliknite na ime kolekcije za ogled vseh plo\u0161\u010dic iz te serije: <a class=\"pdfcatal\" href=\"\/\/www.ceramictiles.com\/pdf\/vives\/catalogue_vives_gamma.pdf\" onclick=\"recordOutboundLink(this, 'E-mail', 'Description PDF');return false;\">Ceramica Vives Gamma<\/a><\/p>\n<p>\u010ce \u017eelite naro\u010diti model iz pdf kataloga te kolekcije, nam pi\u0161ite na: <a href=\"mailto:keramoteka.salon@gmail.com\" onclick=\"recordOutboundLink(this, 'E-mail', 'Description mail');return false;\">keramoteka.salon@gmail.com<\/a> ali pa nas pokli\u010dite na: +386 31 255 900.<\/p>\n<p>Toplino v dom lahko prinesete tudi z keramiko Gamma, ki je zelo dobra imitacija lesa.<\/p>\n","protected":false},"excerpt":{"rendered":"<p>9 mm debeline je dovolj tudi za zahtevnej\u0161e kupce. 46,9 EUR v klasi\u010dni trgovini, pri nas pa le 37,52 EUR. To plo\u0161\u010dico je izdelal proizvajalec Ceramica Vives, ki prihaja iz \u0160panije. \u0160irina in dol\u017eina te plo\u0161\u010dice sta 14,4&#215;89,3 cm. Ta plo\u0161\u010dica je na voljo v \u010dudoviti beli barvi, \u010de \u017eelite kak\u0161no drugo barvo pa nas [&hellip;]<\/p>\n","protected":false},"featured_media":106372,"template":"","meta":[],"product_cat":[210,200,999,999136],"product_tag":[99921976],"_links":{"self":[{"href":"https:\/\/www.keramika.com\/slovenija\/wp-json\/wp\/v2\/product\/106371"}],"collection":[{"href":"https:\/\/www.keramika.com\/slovenija\/wp-json\/wp\/v2\/product"}],"about":[{"href":"https:\/\/www.keramika.com\/slovenija\/wp-json\/wp\/v2\/types\/product"}],"wp:featuredmedia":[{"embeddable":true,"href":"https:\/\/www.keramika.com\/slovenija\/wp-json\/wp\/v2\/media\/106372"}],"wp:attachment":[{"href":"https:\/\/www.keramika.com\/slovenija\/wp-json\/wp\/v2\/media?parent=106371"}],"wp:term":[{"taxonomy":"product_cat","embeddable":true,"href":"https:\/\/www.keramika.com\/slovenija\/wp-json\/wp\/v2\/product_cat?post=106371"},{"taxonomy":"product_tag","embeddable":true,"href":"https:\/\/www.keramika.com\/slovenija\/wp-json\/wp\/v2\/product_tag?post=106371"}],"curies":[{"name":"wp","href":"https:\/\/api.w.org\/{rel}","templated":true}]}}