{"id":106367,"date":"2017-03-23T01:34:29","date_gmt":"2017-03-23T01:34:29","guid":{"rendered":"http:\/\/keramika.holest.com\/slovenija\/product\/ploscice-imitacija-lesa-vives-dion-r-blanco\/"},"modified":"2026-01-04T00:02:59","modified_gmt":"2026-01-04T00:02:59","slug":"ploscice-imitacija-lesa-vives-dion-r-blanco","status":"publish","type":"product","link":"https:\/\/www.keramika.com\/slovenija\/ploscice-imitacija-lesa-vives-dion-r-blanco\/","title":{"rendered":"Plo\u0161\u010dice imitacija lesa Vives Dion-R Blanco"},"content":{"rendered":"<p>Pri izbiri plo\u0161\u010dice v sivi barvi ne morete zgre\u0161iti. Ta plo\u0161\u010dica je debela 10 mm in je zelo trpe\u017ena. Velikost te plo\u0161\u010dice je 21,8&#215;89,3 cm in je primerna za razli\u010dne povr\u0161ine. Vives Dion-R Blanco je pripeljana iz \u0160panije in je zelo kvalitetna. V redni prodaji bi morali za to plo\u0161\u010dico od\u0161teti 72 EUR, spletna cena pa zna\u0161a le 57,6 EUR.<\/p>\n<p>Kliknite na ime kolekcije za ogled vseh plo\u0161\u010dic iz te serije: <a class=\"pdfcatal\" href=\"\/\/www.ceramictiles.com\/pdf\/vives\/catalogue_vives_efeso.pdf\" onclick=\"recordOutboundLink(this, 'E-mail', 'Description PDF');return false;\">Ceramica Vives Efeso<\/a><\/p>\n<p>\u010ce \u017eelite naro\u010diti model iz pdf kataloga te kolekcije, nam pi\u0161ite na: <a href=\"mailto:keramoteka.salon@gmail.com\" onclick=\"recordOutboundLink(this, 'E-mail', 'Description mail');return false;\">keramoteka.salon@gmail.com<\/a> ali pa nas pokli\u010dite na: +386 31 255 900.<\/p>\n<p>Efeso porcelan keramika na ne\u017een a moderen na\u010din posnema les.<\/p>\n","protected":false},"excerpt":{"rendered":"<p>Pri izbiri plo\u0161\u010dice v sivi barvi ne morete zgre\u0161iti. Ta plo\u0161\u010dica je debela 10 mm in je zelo trpe\u017ena. Velikost te plo\u0161\u010dice je 21,8&#215;89,3 cm in je primerna za razli\u010dne povr\u0161ine. Vives Dion-R Blanco je pripeljana iz \u0160panije in je zelo kvalitetna. V redni prodaji bi morali za to plo\u0161\u010dico od\u0161teti 72 EUR, spletna cena [&hellip;]<\/p>\n","protected":false},"featured_media":106368,"template":"","meta":[],"product_cat":[210,200,999,999136],"product_tag":[99921976],"_links":{"self":[{"href":"https:\/\/www.keramika.com\/slovenija\/wp-json\/wp\/v2\/product\/106367"}],"collection":[{"href":"https:\/\/www.keramika.com\/slovenija\/wp-json\/wp\/v2\/product"}],"about":[{"href":"https:\/\/www.keramika.com\/slovenija\/wp-json\/wp\/v2\/types\/product"}],"wp:featuredmedia":[{"embeddable":true,"href":"https:\/\/www.keramika.com\/slovenija\/wp-json\/wp\/v2\/media\/106368"}],"wp:attachment":[{"href":"https:\/\/www.keramika.com\/slovenija\/wp-json\/wp\/v2\/media?parent=106367"}],"wp:term":[{"taxonomy":"product_cat","embeddable":true,"href":"https:\/\/www.keramika.com\/slovenija\/wp-json\/wp\/v2\/product_cat?post=106367"},{"taxonomy":"product_tag","embeddable":true,"href":"https:\/\/www.keramika.com\/slovenija\/wp-json\/wp\/v2\/product_tag?post=106367"}],"curies":[{"name":"wp","href":"https:\/\/api.w.org\/{rel}","templated":true}]}}