{"id":106365,"date":"2017-03-23T01:34:22","date_gmt":"2017-03-23T01:34:22","guid":{"rendered":"http:\/\/keramika.holest.com\/slovenija\/product\/ploscice-imitacija-kamna-vives-oriyas-natural\/"},"modified":"2026-01-04T00:02:58","modified_gmt":"2026-01-04T00:02:58","slug":"ploscice-imitacija-kamna-vives-oriyas-natural","status":"publish","type":"product","link":"https:\/\/www.keramika.com\/slovenija\/ploscice-imitacija-kamna-vives-oriyas-natural\/","title":{"rendered":"Plo\u0161\u010dice imitacija kamna Vives Oriyas Natural"},"content":{"rendered":"<p>Pri izbiri plo\u0161\u010dice v sivi barvi ne morete zgre\u0161iti. Na spletu boste za to plo\u0161\u010dico od\u0161teli le 37,52 EUR, medtem ko v redni prodaji cena zna\u0161a 46,9 EUR. Vives Oriyas Natural je pripeljana iz \u0160panije in je zelo kvalitetna. 10 mm je debelina, ki zadovolji tudi zahtevnej\u0161e kupce. Z 60&#215;60 cm je ta plo\u0161\u010dica primerna za razli\u010dne podlage.<\/p>\n<p>Kliknite na ime kolekcije za ogled vseh plo\u0161\u010dic iz te serije: <a class=\"pdfcatal\" href=\"\/\/www.ceramictiles.com\/pdf\/vives\/catalogue_vives_ceppo_di_gre.pdf\" onclick=\"recordOutboundLink(this, 'E-mail', 'Description PDF');return false;\">Ceramica Vives Ceppo di Gre<\/a><\/p>\n<p>\u010ce \u017eelite naro\u010diti model iz pdf kataloga te kolekcije, nam pi\u0161ite na: <a href=\"mailto:keramoteka.salon@gmail.com\" onclick=\"recordOutboundLink(this, 'E-mail', 'Description mail');return false;\">keramoteka.salon@gmail.com<\/a> ali pa nas pokli\u010dite na: +386 31 255 900.<\/p>\n<p>Porcelan keramika Ceppo di Gre na zanimiv na\u010din prikazuje imitacijo kamna.<\/p>\n","protected":false},"excerpt":{"rendered":"<p>Pri izbiri plo\u0161\u010dice v sivi barvi ne morete zgre\u0161iti. Na spletu boste za to plo\u0161\u010dico od\u0161teli le 37,52 EUR, medtem ko v redni prodaji cena zna\u0161a 46,9 EUR. Vives Oriyas Natural je pripeljana iz \u0160panije in je zelo kvalitetna. 10 mm je debelina, ki zadovolji tudi zahtevnej\u0161e kupce. Z 60&#215;60 cm je ta plo\u0161\u010dica primerna [&hellip;]<\/p>\n","protected":false},"featured_media":106366,"template":"","meta":[],"product_cat":[210,200,999,999136],"product_tag":[],"_links":{"self":[{"href":"https:\/\/www.keramika.com\/slovenija\/wp-json\/wp\/v2\/product\/106365"}],"collection":[{"href":"https:\/\/www.keramika.com\/slovenija\/wp-json\/wp\/v2\/product"}],"about":[{"href":"https:\/\/www.keramika.com\/slovenija\/wp-json\/wp\/v2\/types\/product"}],"wp:featuredmedia":[{"embeddable":true,"href":"https:\/\/www.keramika.com\/slovenija\/wp-json\/wp\/v2\/media\/106366"}],"wp:attachment":[{"href":"https:\/\/www.keramika.com\/slovenija\/wp-json\/wp\/v2\/media?parent=106365"}],"wp:term":[{"taxonomy":"product_cat","embeddable":true,"href":"https:\/\/www.keramika.com\/slovenija\/wp-json\/wp\/v2\/product_cat?post=106365"},{"taxonomy":"product_tag","embeddable":true,"href":"https:\/\/www.keramika.com\/slovenija\/wp-json\/wp\/v2\/product_tag?post=106365"}],"curies":[{"name":"wp","href":"https:\/\/api.w.org\/{rel}","templated":true}]}}