{"id":106363,"date":"2017-03-23T01:34:14","date_gmt":"2017-03-23T01:34:14","guid":{"rendered":"http:\/\/keramika.holest.com\/slovenija\/product\/ploscice-za-kopalnico-vives-bunker-r-blanco\/"},"modified":"2026-01-04T00:02:58","modified_gmt":"2026-01-04T00:02:58","slug":"ploscice-za-kopalnico-vives-bunker-r-blanco","status":"publish","type":"product","link":"https:\/\/www.keramika.com\/slovenija\/ploscice-za-kopalnico-vives-bunker-r-blanco\/","title":{"rendered":"Plo\u0161\u010dice za kopalnico Vives Bunker-R Blanco"},"content":{"rendered":"<p>Pri izbiri plo\u0161\u010dice v beli barvi ne morete zgre\u0161iti. Plo\u0161\u010dica je debela kar 10 mm, kar jo uvr\u0161\u010da med bolj trde plo\u0161\u010dice. Redna cena te plo\u0161\u010dice v maloprodaji zna\u0161a 53,75 EUR, v na\u0161i spletni trgovini pa jo lahko dobite \u017ee za 43 EUR. Dimenzije te plo\u0161\u010dice so 30&#215;60 cm. Ta plo\u0161\u010dica prihaja iz \u0160panije, ki je znana po kvalitetni keramiki.<\/p>\n<p>Kliknite na ime kolekcije za ogled vseh plo\u0161\u010dic iz te serije: <a class=\"pdfcatal\" href=\"\/\/www.ceramictiles.com\/pdf\/vives\/catalogue_vives_bunker.pdf\" onclick=\"recordOutboundLink(this, 'E-mail', 'Description PDF');return false;\">Ceramica Vives Bunker<\/a><\/p>\n<p>\u010ce \u017eelite naro\u010diti model iz pdf kataloga te kolekcije, nam pi\u0161ite na: <a href=\"mailto:keramoteka.salon@gmail.com\" onclick=\"recordOutboundLink(this, 'E-mail', 'Description mail');return false;\">keramoteka.salon@gmail.com<\/a> ali pa nas pokli\u010dite na: +386 31 255 900.<\/p>\n<p>Bela keramika Bunker v kombinaciji s pripadajo\u010dim mozaikon heksagonalne oblike prostoru na prav poseben na\u010din doda \u010dar.<\/p>\n<p>Technical description: 29,3&#215;59,3<\/p>\n","protected":false},"excerpt":{"rendered":"<p>Pri izbiri plo\u0161\u010dice v beli barvi ne morete zgre\u0161iti. Plo\u0161\u010dica je debela kar 10 mm, kar jo uvr\u0161\u010da med bolj trde plo\u0161\u010dice. Redna cena te plo\u0161\u010dice v maloprodaji zna\u0161a 53,75 EUR, v na\u0161i spletni trgovini pa jo lahko dobite \u017ee za 43 EUR. Dimenzije te plo\u0161\u010dice so 30&#215;60 cm. Ta plo\u0161\u010dica prihaja iz \u0160panije, ki [&hellip;]<\/p>\n","protected":false},"featured_media":106364,"template":"","meta":[],"product_cat":[210,200,999,999136],"product_tag":[99921980],"_links":{"self":[{"href":"https:\/\/www.keramika.com\/slovenija\/wp-json\/wp\/v2\/product\/106363"}],"collection":[{"href":"https:\/\/www.keramika.com\/slovenija\/wp-json\/wp\/v2\/product"}],"about":[{"href":"https:\/\/www.keramika.com\/slovenija\/wp-json\/wp\/v2\/types\/product"}],"wp:featuredmedia":[{"embeddable":true,"href":"https:\/\/www.keramika.com\/slovenija\/wp-json\/wp\/v2\/media\/106364"}],"wp:attachment":[{"href":"https:\/\/www.keramika.com\/slovenija\/wp-json\/wp\/v2\/media?parent=106363"}],"wp:term":[{"taxonomy":"product_cat","embeddable":true,"href":"https:\/\/www.keramika.com\/slovenija\/wp-json\/wp\/v2\/product_cat?post=106363"},{"taxonomy":"product_tag","embeddable":true,"href":"https:\/\/www.keramika.com\/slovenija\/wp-json\/wp\/v2\/product_tag?post=106363"}],"curies":[{"name":"wp","href":"https:\/\/api.w.org\/{rel}","templated":true}]}}