{"id":106359,"date":"2017-03-23T01:34:00","date_gmt":"2017-03-23T01:34:00","guid":{"rendered":"http:\/\/keramika.holest.com\/slovenija\/product\/talne-ploscice-vives-beta-jeans\/"},"modified":"2026-01-04T00:02:58","modified_gmt":"2026-01-04T00:02:58","slug":"talne-ploscice-vives-beta-jeans","status":"publish","type":"product","link":"https:\/\/www.keramika.com\/slovenija\/talne-ploscice-vives-beta-jeans\/","title":{"rendered":"Talne plo\u0161\u010dice Vives Beta Jeans"},"content":{"rendered":"<p>Keramika v modri barvi popestri vsak prostor. Velikost te plo\u0161\u010dice je 60&#215;60 cm. Namesto 31,08 EUR kot bi za to plo\u0161\u010dico od\u0161teli v klasi\u010dni trgovini, boste v na\u0161i spletni prodajalni od\u0161teli le 24,86 EUR. Vives Beta Jeans je pripeljana iz \u0160panije in je zelo kvalitetna. 9 mm je debelina, ki zadovolji tudi zahtevnej\u0161e kupce.<\/p>\n<p>Kliknite na ime kolekcije za ogled vseh plo\u0161\u010dic iz te serije: <a class=\"pdfcatal\" href=\"\/\/www.ceramictiles.com\/pdf\/vives\/catalogue_vives_beta.pdf\" onclick=\"recordOutboundLink(this, 'E-mail', 'Description PDF');return false;\">Ceramica Vives Beta<\/a><\/p>\n<p>\u010ce \u017eelite naro\u010diti model iz pdf kataloga te kolekcije, nam pi\u0161ite na: <a href=\"mailto:keramoteka.salon@gmail.com\" onclick=\"recordOutboundLink(this, 'E-mail', 'Description mail');return false;\">keramoteka.salon@gmail.com<\/a> ali pa nas pokli\u010dite na: +386 31 255 900.<\/p>\n<p>Poleg modre barve je porcelan keramika Beta na voljo \u0161e v sivi in krem barvi.<\/p>\n","protected":false},"excerpt":{"rendered":"<p>Keramika v modri barvi popestri vsak prostor. Velikost te plo\u0161\u010dice je 60&#215;60 cm. Namesto 31,08 EUR kot bi za to plo\u0161\u010dico od\u0161teli v klasi\u010dni trgovini, boste v na\u0161i spletni prodajalni od\u0161teli le 24,86 EUR. Vives Beta Jeans je pripeljana iz \u0160panije in je zelo kvalitetna. 9 mm je debelina, ki zadovolji tudi zahtevnej\u0161e kupce. Kliknite [&hellip;]<\/p>\n","protected":false},"featured_media":106360,"template":"","meta":[],"product_cat":[210,200,999,999136],"product_tag":[],"_links":{"self":[{"href":"https:\/\/www.keramika.com\/slovenija\/wp-json\/wp\/v2\/product\/106359"}],"collection":[{"href":"https:\/\/www.keramika.com\/slovenija\/wp-json\/wp\/v2\/product"}],"about":[{"href":"https:\/\/www.keramika.com\/slovenija\/wp-json\/wp\/v2\/types\/product"}],"wp:featuredmedia":[{"embeddable":true,"href":"https:\/\/www.keramika.com\/slovenija\/wp-json\/wp\/v2\/media\/106360"}],"wp:attachment":[{"href":"https:\/\/www.keramika.com\/slovenija\/wp-json\/wp\/v2\/media?parent=106359"}],"wp:term":[{"taxonomy":"product_cat","embeddable":true,"href":"https:\/\/www.keramika.com\/slovenija\/wp-json\/wp\/v2\/product_cat?post=106359"},{"taxonomy":"product_tag","embeddable":true,"href":"https:\/\/www.keramika.com\/slovenija\/wp-json\/wp\/v2\/product_tag?post=106359"}],"curies":[{"name":"wp","href":"https:\/\/api.w.org\/{rel}","templated":true}]}}