{"id":106349,"date":"2017-03-23T01:33:23","date_gmt":"2017-03-23T01:33:23","guid":{"rendered":"http:\/\/keramika.holest.com\/slovenija\/product\/ploscice-imitacija-lesa-casalgrande-padana-tavolato-grano\/"},"modified":"2026-01-04T00:02:57","modified_gmt":"2026-01-04T00:02:57","slug":"ploscice-imitacija-lesa-casalgrande-padana-tavolato-grano","status":"publish","type":"product","link":"https:\/\/www.keramika.com\/slovenija\/ploscice-imitacija-lesa-casalgrande-padana-tavolato-grano\/","title":{"rendered":"Plo\u0161\u010dice imitacija lesa Casalgrande Padana  Tavolato Grano"},"content":{"rendered":"<p>Prihaja iz Italije, ki po svetu slovi kot ena bolj\u0161ih proizvajalk kerami\u010dnih plo\u0161\u010dic. Debelina kar 10 mm dela to plo\u0161\u010dico zelo trpe\u017eno in presti\u017eno na otip. Plo\u0161\u010dica na sliki je velika 30&#215;120 cm. Redna cena te plo\u0161\u010dice v maloprodaji zna\u0161a 90 EUR, v na\u0161i spletni trgovini pa jo lahko dobite \u017ee za 72 EUR. Keramika v rjavi barvi popestri vsak prostor.<\/p>\n<p>Kliknite na ime kolekcije za ogled vseh plo\u0161\u010dic iz te serije: <a class=\"pdfcatal\" href=\"\/\/www.ceramictiles.com\/pdf\/casalgrandepadana\/catalogue_casalgrande_padana_tavolato.pdf\" onclick=\"recordOutboundLink(this, 'E-mail', 'Description PDF');return false;\">Casalgrande Padana S.P.A. Tavolato<\/a><\/p>\n<p>\u010ce \u017eelite naro\u010diti model iz pdf kataloga te kolekcije, nam pi\u0161ite na: <a href=\"mailto:keramoteka.salon@gmail.com\" onclick=\"recordOutboundLink(this, 'E-mail', 'Description mail');return false;\">keramoteka.salon@gmail.com<\/a> ali pa nas pokli\u010dite na: +386 31 255 900.<\/p>\n<p>Tavolato je talna keramika v imitaciji lesa, ki v interior prina\u0161a \u010dar.<\/p>\n","protected":false},"excerpt":{"rendered":"<p>Prihaja iz Italije, ki po svetu slovi kot ena bolj\u0161ih proizvajalk kerami\u010dnih plo\u0161\u010dic. Debelina kar 10 mm dela to plo\u0161\u010dico zelo trpe\u017eno in presti\u017eno na otip. Plo\u0161\u010dica na sliki je velika 30&#215;120 cm. Redna cena te plo\u0161\u010dice v maloprodaji zna\u0161a 90 EUR, v na\u0161i spletni trgovini pa jo lahko dobite \u017ee za 72 EUR. Keramika [&hellip;]<\/p>\n","protected":false},"featured_media":106350,"template":"","meta":[],"product_cat":[999448,210,200,999],"product_tag":[99921976],"_links":{"self":[{"href":"https:\/\/www.keramika.com\/slovenija\/wp-json\/wp\/v2\/product\/106349"}],"collection":[{"href":"https:\/\/www.keramika.com\/slovenija\/wp-json\/wp\/v2\/product"}],"about":[{"href":"https:\/\/www.keramika.com\/slovenija\/wp-json\/wp\/v2\/types\/product"}],"wp:featuredmedia":[{"embeddable":true,"href":"https:\/\/www.keramika.com\/slovenija\/wp-json\/wp\/v2\/media\/106350"}],"wp:attachment":[{"href":"https:\/\/www.keramika.com\/slovenija\/wp-json\/wp\/v2\/media?parent=106349"}],"wp:term":[{"taxonomy":"product_cat","embeddable":true,"href":"https:\/\/www.keramika.com\/slovenija\/wp-json\/wp\/v2\/product_cat?post=106349"},{"taxonomy":"product_tag","embeddable":true,"href":"https:\/\/www.keramika.com\/slovenija\/wp-json\/wp\/v2\/product_tag?post=106349"}],"curies":[{"name":"wp","href":"https:\/\/api.w.org\/{rel}","templated":true}]}}