{"id":106347,"date":"2017-03-23T01:33:16","date_gmt":"2017-03-23T01:33:16","guid":{"rendered":"http:\/\/keramika.holest.com\/slovenija\/product\/talne-ploscice-casalgrande-padana-bianco-avorio\/"},"modified":"2026-01-04T00:02:57","modified_gmt":"2026-01-04T00:02:57","slug":"talne-ploscice-casalgrande-padana-bianco-avorio","status":"publish","type":"product","link":"https:\/\/www.keramika.com\/slovenija\/talne-ploscice-casalgrande-padana-bianco-avorio\/","title":{"rendered":"Talne plo\u0161\u010dice Casalgrande Padana  Bianco Avorio"},"content":{"rendered":"<p>Z 30&#215;30 cm je ta plo\u0161\u010dica primerna za razli\u010dne podlage. 9 mm je debelina, ki zadovolji tudi zahtevnej\u0161e kupce. 187,5 EUR v klasi\u010dni trgovini, pri nas pa le 150 EUR. Zelo moderna plo\u0161\u010dica v be\u017e barvi popestri prav vsak prostor. To plo\u0161\u010dico je izdelal proizvajalec Casalgrande Padana S.P.A., ki prihaja iz Italije.<\/p>\n<p>Kliknite na ime kolekcije za ogled vseh plo\u0161\u010dic iz te serije: <a class=\"pdfcatal\" href=\"\/\/www.ceramictiles.com\/pdf\/casalgrandepadana\/catalogue_casalgrande_padana_tactile.pdf\" onclick=\"recordOutboundLink(this, 'E-mail', 'Description PDF');return false;\">Casalgrande Padana S.P.A. Tactile<\/a><\/p>\n<p>\u010ce \u017eelite naro\u010diti model iz pdf kataloga te kolekcije, nam pi\u0161ite na: <a href=\"mailto:keramoteka.salon@gmail.com\" onclick=\"recordOutboundLink(this, 'E-mail', 'Description mail');return false;\">keramoteka.salon@gmail.com<\/a> ali pa nas pokli\u010dite na: +386 31 255 900.<\/p>\n<p>Reliefna Tactile keramika v interior prina\u0161a unikatn in moderen izgled.<\/p>\n","protected":false},"excerpt":{"rendered":"<p>Z 30&#215;30 cm je ta plo\u0161\u010dica primerna za razli\u010dne podlage. 9 mm je debelina, ki zadovolji tudi zahtevnej\u0161e kupce. 187,5 EUR v klasi\u010dni trgovini, pri nas pa le 150 EUR. Zelo moderna plo\u0161\u010dica v be\u017e barvi popestri prav vsak prostor. To plo\u0161\u010dico je izdelal proizvajalec Casalgrande Padana S.P.A., ki prihaja iz Italije. Kliknite na ime [&hellip;]<\/p>\n","protected":false},"featured_media":106348,"template":"","meta":[],"product_cat":[999448,210,200,999],"product_tag":[],"_links":{"self":[{"href":"https:\/\/www.keramika.com\/slovenija\/wp-json\/wp\/v2\/product\/106347"}],"collection":[{"href":"https:\/\/www.keramika.com\/slovenija\/wp-json\/wp\/v2\/product"}],"about":[{"href":"https:\/\/www.keramika.com\/slovenija\/wp-json\/wp\/v2\/types\/product"}],"wp:featuredmedia":[{"embeddable":true,"href":"https:\/\/www.keramika.com\/slovenija\/wp-json\/wp\/v2\/media\/106348"}],"wp:attachment":[{"href":"https:\/\/www.keramika.com\/slovenija\/wp-json\/wp\/v2\/media?parent=106347"}],"wp:term":[{"taxonomy":"product_cat","embeddable":true,"href":"https:\/\/www.keramika.com\/slovenija\/wp-json\/wp\/v2\/product_cat?post=106347"},{"taxonomy":"product_tag","embeddable":true,"href":"https:\/\/www.keramika.com\/slovenija\/wp-json\/wp\/v2\/product_tag?post=106347"}],"curies":[{"name":"wp","href":"https:\/\/api.w.org\/{rel}","templated":true}]}}