{"id":106337,"date":"2017-03-23T01:32:41","date_gmt":"2017-03-23T01:32:41","guid":{"rendered":"http:\/\/keramika.holest.com\/slovenija\/product\/talne-ploscice-casalgrande-padana-new-blue-moon\/"},"modified":"2026-01-04T00:02:56","modified_gmt":"2026-01-04T00:02:56","slug":"talne-ploscice-casalgrande-padana-new-blue-moon","status":"publish","type":"product","link":"https:\/\/www.keramika.com\/slovenija\/talne-ploscice-casalgrande-padana-new-blue-moon\/","title":{"rendered":"Talne plo\u0161\u010dice Casalgrande Padana  New Blue Moon"},"content":{"rendered":"<p>Velikost te plo\u0161\u010dice je 30&#215;60 cm. Ta plo\u0161\u010dica je na voljo v \u010dudoviti sivi barvi, \u010de \u017eelite kak\u0161no drugo barvo pa nas kontaktirajte in preverili bomo pri proizvajalcu. 10 mm debeline je dovolj tudi za zahtevnej\u0161e kupce. Na spletu boste za to plo\u0161\u010dico od\u0161teli le 53 EUR, medtem ko v redni prodaji cena zna\u0161a 66,25 EUR. Casalgrande Padana New Blue Moon je plo\u0161\u010dica proizvajalca Casalgrande Padana S.P.A. in prihaja iz Italije.<\/p>\n<p>Kliknite na ime kolekcije za ogled vseh plo\u0161\u010dic iz te serije: <a class=\"pdfcatal\" href=\"\/\/www.ceramictiles.com\/pdf\/casalgrandepadana\/catalogue_casalgrande_padana_pietra_blue.pdf\" onclick=\"recordOutboundLink(this, 'E-mail', 'Description PDF');return false;\">Casalgrande Padana S.P.A. Pietra Blue<\/a><\/p>\n<p>\u010ce \u017eelite naro\u010diti model iz pdf kataloga te kolekcije, nam pi\u0161ite na: <a href=\"mailto:keramoteka.salon@gmail.com\" onclick=\"recordOutboundLink(this, 'E-mail', 'Description mail');return false;\">keramoteka.salon@gmail.com<\/a> ali pa nas pokli\u010dite na: +386 31 255 900.<\/p>\n<p>Talna keramika Pietra Blue na minimalisti\u010den a moderen na\u010din ustvarja prijeten ambient.<\/p>\n","protected":false},"excerpt":{"rendered":"<p>Velikost te plo\u0161\u010dice je 30&#215;60 cm. Ta plo\u0161\u010dica je na voljo v \u010dudoviti sivi barvi, \u010de \u017eelite kak\u0161no drugo barvo pa nas kontaktirajte in preverili bomo pri proizvajalcu. 10 mm debeline je dovolj tudi za zahtevnej\u0161e kupce. Na spletu boste za to plo\u0161\u010dico od\u0161teli le 53 EUR, medtem ko v redni prodaji cena zna\u0161a 66,25 [&hellip;]<\/p>\n","protected":false},"featured_media":106338,"template":"","meta":[],"product_cat":[999448,210,200,999],"product_tag":[],"_links":{"self":[{"href":"https:\/\/www.keramika.com\/slovenija\/wp-json\/wp\/v2\/product\/106337"}],"collection":[{"href":"https:\/\/www.keramika.com\/slovenija\/wp-json\/wp\/v2\/product"}],"about":[{"href":"https:\/\/www.keramika.com\/slovenija\/wp-json\/wp\/v2\/types\/product"}],"wp:featuredmedia":[{"embeddable":true,"href":"https:\/\/www.keramika.com\/slovenija\/wp-json\/wp\/v2\/media\/106338"}],"wp:attachment":[{"href":"https:\/\/www.keramika.com\/slovenija\/wp-json\/wp\/v2\/media?parent=106337"}],"wp:term":[{"taxonomy":"product_cat","embeddable":true,"href":"https:\/\/www.keramika.com\/slovenija\/wp-json\/wp\/v2\/product_cat?post=106337"},{"taxonomy":"product_tag","embeddable":true,"href":"https:\/\/www.keramika.com\/slovenija\/wp-json\/wp\/v2\/product_tag?post=106337"}],"curies":[{"name":"wp","href":"https:\/\/api.w.org\/{rel}","templated":true}]}}