{"id":106335,"date":"2017-03-23T01:32:35","date_gmt":"2017-03-23T01:32:35","guid":{"rendered":"http:\/\/keramika.holest.com\/slovenija\/product\/ploscice-za-dnevno-sobo-casalgrande-padana-bauge-antracite\/"},"modified":"2026-01-04T00:02:55","modified_gmt":"2026-01-04T00:02:55","slug":"ploscice-za-dnevno-sobo-casalgrande-padana-bauge-antracite","status":"publish","type":"product","link":"https:\/\/www.keramika.com\/slovenija\/ploscice-za-dnevno-sobo-casalgrande-padana-bauge-antracite\/","title":{"rendered":"Plo\u0161\u010dice za dnevno sobo Casalgrande Padana  Bauge Antracite"},"content":{"rendered":"<p>62,5 EUR v klasi\u010dni trgovini, pri nas pa le 50 EUR. Ta plo\u0161\u010dica prihaja iz Italije, ki je znana po kvalitetni keramiki. Z velikostjo 60&#215;60 cm je ta plo\u0161\u010dica primerna ze razli\u010dne povr\u0161ine. Keramika v sivi barvi popestri vsak prostor. Debelina plo\u0161\u010dice je zelo pomembna in 10 mm uvr\u0161\u010da to plo\u0161\u010dico med najkvalitetnej\u0161e.<\/p>\n<p>Kliknite na ime kolekcije za ogled vseh plo\u0161\u010dic iz te serije: <a class=\"pdfcatal\" href=\"\/\/www.ceramictiles.com\/pdf\/casalgrandepadana\/catalogue_casalgrande_padana_pietra_bauge.pdf\" onclick=\"recordOutboundLink(this, 'E-mail', 'Description PDF');return false;\">Casalgrande Padana S.P.A. Pietra Bauge<\/a><\/p>\n<p>\u010ce \u017eelite naro\u010diti model iz pdf kataloga te kolekcije, nam pi\u0161ite na: <a href=\"mailto:keramoteka.salon@gmail.com\" onclick=\"recordOutboundLink(this, 'E-mail', 'Description mail');return false;\">keramoteka.salon@gmail.com<\/a> ali pa nas pokli\u010dite na: +386 31 255 900.<\/p>\n<p>Pietra Bauge je sodobna keramika, ki vsekakro moderno popestri tako zunanje kot notranje talne povr\u0161ine.<\/p>\n","protected":false},"excerpt":{"rendered":"<p>62,5 EUR v klasi\u010dni trgovini, pri nas pa le 50 EUR. Ta plo\u0161\u010dica prihaja iz Italije, ki je znana po kvalitetni keramiki. Z velikostjo 60&#215;60 cm je ta plo\u0161\u010dica primerna ze razli\u010dne povr\u0161ine. Keramika v sivi barvi popestri vsak prostor. Debelina plo\u0161\u010dice je zelo pomembna in 10 mm uvr\u0161\u010da to plo\u0161\u010dico med najkvalitetnej\u0161e. Kliknite na [&hellip;]<\/p>\n","protected":false},"featured_media":106336,"template":"","meta":[],"product_cat":[999448,210,200,999],"product_tag":[],"_links":{"self":[{"href":"https:\/\/www.keramika.com\/slovenija\/wp-json\/wp\/v2\/product\/106335"}],"collection":[{"href":"https:\/\/www.keramika.com\/slovenija\/wp-json\/wp\/v2\/product"}],"about":[{"href":"https:\/\/www.keramika.com\/slovenija\/wp-json\/wp\/v2\/types\/product"}],"wp:featuredmedia":[{"embeddable":true,"href":"https:\/\/www.keramika.com\/slovenija\/wp-json\/wp\/v2\/media\/106336"}],"wp:attachment":[{"href":"https:\/\/www.keramika.com\/slovenija\/wp-json\/wp\/v2\/media?parent=106335"}],"wp:term":[{"taxonomy":"product_cat","embeddable":true,"href":"https:\/\/www.keramika.com\/slovenija\/wp-json\/wp\/v2\/product_cat?post=106335"},{"taxonomy":"product_tag","embeddable":true,"href":"https:\/\/www.keramika.com\/slovenija\/wp-json\/wp\/v2\/product_tag?post=106335"}],"curies":[{"name":"wp","href":"https:\/\/api.w.org\/{rel}","templated":true}]}}