{"id":106333,"date":"2017-03-23T01:32:28","date_gmt":"2017-03-23T01:32:28","guid":{"rendered":"http:\/\/keramika.holest.com\/slovenija\/product\/talne-ploscice-casalgrande-padana-patio-grey\/"},"modified":"2026-01-04T00:02:55","modified_gmt":"2026-01-04T00:02:55","slug":"talne-ploscice-casalgrande-padana-patio-grey","status":"publish","type":"product","link":"https:\/\/www.keramika.com\/slovenija\/talne-ploscice-casalgrande-padana-patio-grey\/","title":{"rendered":"Talne plo\u0161\u010dice Casalgrande Padana  Patio Grey"},"content":{"rendered":"<p>Ta model plo\u0161\u010dice se najbolje prodaja v sivi barvi. Velikost te plo\u0161\u010dice je 20&#215;20 cm. Ta plo\u0161\u010dica prihaja iz Italije, ki je znana po kvalitetni keramiki. Na spletu boste za to plo\u0161\u010dico od\u0161teli le 28 EUR, medtem ko v redni prodaji cena zna\u0161a 35 EUR. Ta plo\u0161\u010dica je debela 8 mm in je zelo trpe\u017ena.<\/p>\n<p>Kliknite na ime kolekcije za ogled vseh plo\u0161\u010dic iz te serije: <a class=\"pdfcatal\" href=\"\/\/www.ceramictiles.com\/pdf\/casalgrandepadana\/catalogue_casalgrande_padana_patio.pdf\" onclick=\"recordOutboundLink(this, 'E-mail', 'Description PDF');return false;\">Casalgrande Padana S.P.A. Patio<\/a><\/p>\n<p>\u010ce \u017eelite naro\u010diti model iz pdf kataloga te kolekcije, nam pi\u0161ite na: <a href=\"mailto:keramoteka.salon@gmail.com\" onclick=\"recordOutboundLink(this, 'E-mail', 'Description mail');return false;\">keramoteka.salon@gmail.com<\/a> ali pa nas pokli\u010dite na: +386 31 255 900.<\/p>\n<p>Protizdrsna keramika Patio je primerna za notranje kakor tudi zunanje talne povr\u0161ine.<\/p>\n","protected":false},"excerpt":{"rendered":"<p>Ta model plo\u0161\u010dice se najbolje prodaja v sivi barvi. Velikost te plo\u0161\u010dice je 20&#215;20 cm. Ta plo\u0161\u010dica prihaja iz Italije, ki je znana po kvalitetni keramiki. Na spletu boste za to plo\u0161\u010dico od\u0161teli le 28 EUR, medtem ko v redni prodaji cena zna\u0161a 35 EUR. Ta plo\u0161\u010dica je debela 8 mm in je zelo trpe\u017ena. [&hellip;]<\/p>\n","protected":false},"featured_media":106334,"template":"","meta":[],"product_cat":[999448,210,200,999],"product_tag":[],"_links":{"self":[{"href":"https:\/\/www.keramika.com\/slovenija\/wp-json\/wp\/v2\/product\/106333"}],"collection":[{"href":"https:\/\/www.keramika.com\/slovenija\/wp-json\/wp\/v2\/product"}],"about":[{"href":"https:\/\/www.keramika.com\/slovenija\/wp-json\/wp\/v2\/types\/product"}],"wp:featuredmedia":[{"embeddable":true,"href":"https:\/\/www.keramika.com\/slovenija\/wp-json\/wp\/v2\/media\/106334"}],"wp:attachment":[{"href":"https:\/\/www.keramika.com\/slovenija\/wp-json\/wp\/v2\/media?parent=106333"}],"wp:term":[{"taxonomy":"product_cat","embeddable":true,"href":"https:\/\/www.keramika.com\/slovenija\/wp-json\/wp\/v2\/product_cat?post=106333"},{"taxonomy":"product_tag","embeddable":true,"href":"https:\/\/www.keramika.com\/slovenija\/wp-json\/wp\/v2\/product_tag?post=106333"}],"curies":[{"name":"wp","href":"https:\/\/api.w.org\/{rel}","templated":true}]}}