{"id":106331,"date":"2017-03-23T01:32:21","date_gmt":"2017-03-23T01:32:21","guid":{"rendered":"http:\/\/keramika.holest.com\/slovenija\/product\/ploscice-imitacija-lesa-casalgrande-padana-sequoia\/"},"modified":"2026-01-04T00:02:55","modified_gmt":"2026-01-04T00:02:55","slug":"ploscice-imitacija-lesa-casalgrande-padana-sequoia","status":"publish","type":"product","link":"https:\/\/www.keramika.com\/slovenija\/ploscice-imitacija-lesa-casalgrande-padana-sequoia\/","title":{"rendered":"Plo\u0161\u010dice imitacija lesa Casalgrande Padana  Sequoia"},"content":{"rendered":"<p>Casalgrande Padana Sequoia prihaja iz Italije, ki je znana po zelo kvalitetni keramiki v svetovnem merilu. \u0160irina in dol\u017eina te plo\u0161\u010dice sta 40&#215;40 cm. Ta plo\u0161\u010dica je debela 9 mm in je zelo trpe\u017ena. Redna cena te plo\u0161\u010dice v maloprodaji zna\u0161a 35 EUR, v na\u0161i spletni trgovini pa jo lahko dobite \u017ee za 28 EUR. Zelo moderna plo\u0161\u010dica v rjavi barvi popestri prav vsak prostor.<\/p>\n<p>Kliknite na ime kolekcije za ogled vseh plo\u0161\u010dic iz te serije: <a class=\"pdfcatal\" href=\"\/\/www.ceramictiles.com\/pdf\/casalgrandepadana\/catalogue_casalgrande_padana_parchi.pdf\" onclick=\"recordOutboundLink(this, 'E-mail', 'Description PDF');return false;\">Casalgrande Padana S.P.A. PaRchi<\/a><\/p>\n<p>\u010ce \u017eelite naro\u010diti model iz pdf kataloga te kolekcije, nam pi\u0161ite na: <a href=\"mailto:keramoteka.salon@gmail.com\" onclick=\"recordOutboundLink(this, 'E-mail', 'Description mail');return false;\">keramoteka.salon@gmail.com<\/a> ali pa nas pokli\u010dite na: +386 31 255 900.<\/p>\n<p>Keramika PaRchi je zelo dobra imitacija lesa in je primerna za talne povr\u0161ine.<\/p>\n<p>Technical description: 41,5&#215;41,5<\/p>\n","protected":false},"excerpt":{"rendered":"<p>Casalgrande Padana Sequoia prihaja iz Italije, ki je znana po zelo kvalitetni keramiki v svetovnem merilu. \u0160irina in dol\u017eina te plo\u0161\u010dice sta 40&#215;40 cm. Ta plo\u0161\u010dica je debela 9 mm in je zelo trpe\u017ena. Redna cena te plo\u0161\u010dice v maloprodaji zna\u0161a 35 EUR, v na\u0161i spletni trgovini pa jo lahko dobite \u017ee za 28 EUR. [&hellip;]<\/p>\n","protected":false},"featured_media":106332,"template":"","meta":[],"product_cat":[999448,210,200,999],"product_tag":[99921976],"_links":{"self":[{"href":"https:\/\/www.keramika.com\/slovenija\/wp-json\/wp\/v2\/product\/106331"}],"collection":[{"href":"https:\/\/www.keramika.com\/slovenija\/wp-json\/wp\/v2\/product"}],"about":[{"href":"https:\/\/www.keramika.com\/slovenija\/wp-json\/wp\/v2\/types\/product"}],"wp:featuredmedia":[{"embeddable":true,"href":"https:\/\/www.keramika.com\/slovenija\/wp-json\/wp\/v2\/media\/106332"}],"wp:attachment":[{"href":"https:\/\/www.keramika.com\/slovenija\/wp-json\/wp\/v2\/media?parent=106331"}],"wp:term":[{"taxonomy":"product_cat","embeddable":true,"href":"https:\/\/www.keramika.com\/slovenija\/wp-json\/wp\/v2\/product_cat?post=106331"},{"taxonomy":"product_tag","embeddable":true,"href":"https:\/\/www.keramika.com\/slovenija\/wp-json\/wp\/v2\/product_tag?post=106331"}],"curies":[{"name":"wp","href":"https:\/\/api.w.org\/{rel}","templated":true}]}}