{"id":106323,"date":"2017-03-23T01:31:50","date_gmt":"2017-03-23T01:31:50","guid":{"rendered":"http:\/\/keramika.holest.com\/slovenija\/product\/talne-ploscice-casalgrande-padana-madrid\/"},"modified":"2026-01-04T00:02:54","modified_gmt":"2026-01-04T00:02:54","slug":"talne-ploscice-casalgrande-padana-madrid","status":"publish","type":"product","link":"https:\/\/www.keramika.com\/slovenija\/talne-ploscice-casalgrande-padana-madrid\/","title":{"rendered":"Talne plo\u0161\u010dice Casalgrande Padana  Madrid"},"content":{"rendered":"<p>\u0160irina in dol\u017eina te plo\u0161\u010dice sta 30&#215;30 cm. Prihaja iz Italije, ki po svetu slovi kot ena bolj\u0161ih proizvajalk kerami\u010dnih plo\u0161\u010dic. Pri izbiri plo\u0161\u010dice v rde\u010di barvi ne morete zgre\u0161iti. Ta plo\u0161\u010dica je debela 8 mm in je zelo trpe\u017ena. Namesto 35,62 EUR kot bi za to plo\u0161\u010dico od\u0161teli v klasi\u010dni trgovini, boste v na\u0161i spletni prodajalni od\u0161teli le 28,5 EUR.<\/p>\n<p>Kliknite na ime kolekcije za ogled vseh plo\u0161\u010dic iz te serije: <a class=\"pdfcatal\" href=\"\/\/www.ceramictiles.com\/pdf\/casalgrandepadana\/catalogue_casalgrande_padana_granito_3.pdf\" onclick=\"recordOutboundLink(this, 'E-mail', 'Description PDF');return false;\">Casalgrande Padana S.P.A. Granito 3<\/a><\/p>\n<p>\u010ce \u017eelite naro\u010diti model iz pdf kataloga te kolekcije, nam pi\u0161ite na: <a href=\"mailto:keramoteka.salon@gmail.com\" onclick=\"recordOutboundLink(this, 'E-mail', 'Description mail');return false;\">keramoteka.salon@gmail.com<\/a> ali pa nas pokli\u010dite na: +386 31 255 900.<\/p>\n<p>Granito 3 je talna keramika v imitaciji kamn\u010dkov.<\/p>\n","protected":false},"excerpt":{"rendered":"<p>\u0160irina in dol\u017eina te plo\u0161\u010dice sta 30&#215;30 cm. Prihaja iz Italije, ki po svetu slovi kot ena bolj\u0161ih proizvajalk kerami\u010dnih plo\u0161\u010dic. Pri izbiri plo\u0161\u010dice v rde\u010di barvi ne morete zgre\u0161iti. Ta plo\u0161\u010dica je debela 8 mm in je zelo trpe\u017ena. Namesto 35,62 EUR kot bi za to plo\u0161\u010dico od\u0161teli v klasi\u010dni trgovini, boste v na\u0161i [&hellip;]<\/p>\n","protected":false},"featured_media":106324,"template":"","meta":[],"product_cat":[999448,210,200,999],"product_tag":[99921976],"_links":{"self":[{"href":"https:\/\/www.keramika.com\/slovenija\/wp-json\/wp\/v2\/product\/106323"}],"collection":[{"href":"https:\/\/www.keramika.com\/slovenija\/wp-json\/wp\/v2\/product"}],"about":[{"href":"https:\/\/www.keramika.com\/slovenija\/wp-json\/wp\/v2\/types\/product"}],"wp:featuredmedia":[{"embeddable":true,"href":"https:\/\/www.keramika.com\/slovenija\/wp-json\/wp\/v2\/media\/106324"}],"wp:attachment":[{"href":"https:\/\/www.keramika.com\/slovenija\/wp-json\/wp\/v2\/media?parent=106323"}],"wp:term":[{"taxonomy":"product_cat","embeddable":true,"href":"https:\/\/www.keramika.com\/slovenija\/wp-json\/wp\/v2\/product_cat?post=106323"},{"taxonomy":"product_tag","embeddable":true,"href":"https:\/\/www.keramika.com\/slovenija\/wp-json\/wp\/v2\/product_tag?post=106323"}],"curies":[{"name":"wp","href":"https:\/\/api.w.org\/{rel}","templated":true}]}}