{"id":106321,"date":"2017-03-23T01:31:42","date_gmt":"2017-03-23T01:31:42","guid":{"rendered":"http:\/\/keramika.holest.com\/slovenija\/product\/talne-ploscice-casalgrande-padana-cortina\/"},"modified":"2026-01-04T00:02:54","modified_gmt":"2026-01-04T00:02:54","slug":"talne-ploscice-casalgrande-padana-cortina","status":"publish","type":"product","link":"https:\/\/www.keramika.com\/slovenija\/talne-ploscice-casalgrande-padana-cortina\/","title":{"rendered":"Talne plo\u0161\u010dice Casalgrande Padana  Cortina"},"content":{"rendered":"<p>Letos so plo\u0161\u010dice v sivi barvi zelo za\u017eeljene. Casalgrande Padana Cortina je pripeljana iz Italije in je zelo kvalitetna. Plo\u0161\u010dica na sliki je velika 30&#215;30 cm. Zaradi ni\u017ejih stro\u0161kov pri spletni prodaji boste na na\u0161i strani za to plo\u0161\u010dico od\u0161teli le 23 EUR. Ta plo\u0161\u010dica je debela 8 mm in je zelo trpe\u017ena.<\/p>\n<p>Kliknite na ime kolekcije za ogled vseh plo\u0161\u010dic iz te serije: <a class=\"pdfcatal\" href=\"\/\/www.ceramictiles.com\/pdf\/casalgrandepadana\/catalogue_casalgrande_padana_granito_2.pdf\" onclick=\"recordOutboundLink(this, 'E-mail', 'Description PDF');return false;\">Casalgrande Padana S.P.A. Granito 2<\/a><\/p>\n<p>\u010ce \u017eelite naro\u010diti model iz pdf kataloga te kolekcije, nam pi\u0161ite na: <a href=\"mailto:keramoteka.salon@gmail.com\" onclick=\"recordOutboundLink(this, 'E-mail', 'Description mail');return false;\">keramoteka.salon@gmail.com<\/a> ali pa nas pokli\u010dite na: +386 31 255 900.<\/p>\n<p>Keramika Granito 2 je na voljo v razli\u010dnih barvah ter je primerna za talne povr\u0161ine.<\/p>\n","protected":false},"excerpt":{"rendered":"<p>Letos so plo\u0161\u010dice v sivi barvi zelo za\u017eeljene. Casalgrande Padana Cortina je pripeljana iz Italije in je zelo kvalitetna. Plo\u0161\u010dica na sliki je velika 30&#215;30 cm. Zaradi ni\u017ejih stro\u0161kov pri spletni prodaji boste na na\u0161i strani za to plo\u0161\u010dico od\u0161teli le 23 EUR. Ta plo\u0161\u010dica je debela 8 mm in je zelo trpe\u017ena. Kliknite na [&hellip;]<\/p>\n","protected":false},"featured_media":106322,"template":"","meta":[],"product_cat":[999448,210,200,999],"product_tag":[],"_links":{"self":[{"href":"https:\/\/www.keramika.com\/slovenija\/wp-json\/wp\/v2\/product\/106321"}],"collection":[{"href":"https:\/\/www.keramika.com\/slovenija\/wp-json\/wp\/v2\/product"}],"about":[{"href":"https:\/\/www.keramika.com\/slovenija\/wp-json\/wp\/v2\/types\/product"}],"wp:featuredmedia":[{"embeddable":true,"href":"https:\/\/www.keramika.com\/slovenija\/wp-json\/wp\/v2\/media\/106322"}],"wp:attachment":[{"href":"https:\/\/www.keramika.com\/slovenija\/wp-json\/wp\/v2\/media?parent=106321"}],"wp:term":[{"taxonomy":"product_cat","embeddable":true,"href":"https:\/\/www.keramika.com\/slovenija\/wp-json\/wp\/v2\/product_cat?post=106321"},{"taxonomy":"product_tag","embeddable":true,"href":"https:\/\/www.keramika.com\/slovenija\/wp-json\/wp\/v2\/product_tag?post=106321"}],"curies":[{"name":"wp","href":"https:\/\/api.w.org\/{rel}","templated":true}]}}