{"id":106319,"date":"2017-03-23T01:31:35","date_gmt":"2017-03-23T01:31:35","guid":{"rendered":"http:\/\/keramika.holest.com\/slovenija\/product\/talne-ploscice-casalgrande-padana-denver\/"},"modified":"2026-01-04T00:02:54","modified_gmt":"2026-01-04T00:02:54","slug":"talne-ploscice-casalgrande-padana-denver","status":"publish","type":"product","link":"https:\/\/www.keramika.com\/slovenija\/talne-ploscice-casalgrande-padana-denver\/","title":{"rendered":"Talne plo\u0161\u010dice Casalgrande Padana  Denver"},"content":{"rendered":"<p>Plo\u0161\u010dica je debela kar 8 mm, kar jo uvr\u0161\u010da med bolj trde plo\u0161\u010dice. V redni prodaji bi morali za to plo\u0161\u010dico od\u0161teti 26,25 EUR, spletna cena pa zna\u0161a le 21 EUR. Z velikostjo 30&#215;30 cm je ta plo\u0161\u010dica primerna ze razli\u010dne povr\u0161ine. Letos so plo\u0161\u010dice v sivi barvi zelo za\u017eeljene. Ta plo\u0161\u010dica prihaja iz Italije, ki je znana po kvalitetni keramiki.<\/p>\n<p>Kliknite na ime kolekcije za ogled vseh plo\u0161\u010dic iz te serije: <a class=\"pdfcatal\" href=\"\/\/www.ceramictiles.com\/pdf\/casalgrandepadana\/catalogue_casalgrande_padana_granito_1evo.pdf\" onclick=\"recordOutboundLink(this, 'E-mail', 'Description PDF');return false;\">Casalgrande Padana S.P.A. Granito 1Evo<\/a><\/p>\n<p>\u010ce \u017eelite naro\u010diti model iz pdf kataloga te kolekcije, nam pi\u0161ite na: <a href=\"mailto:keramoteka.salon@gmail.com\" onclick=\"recordOutboundLink(this, 'E-mail', 'Description mail');return false;\">keramoteka.salon@gmail.com<\/a> ali pa nas pokli\u010dite na: +386 31 255 900.<\/p>\n<p>Ne\u017ena barva keramike Granito 2 Evo prostor popestri na eleganten na\u010din.<\/p>\n","protected":false},"excerpt":{"rendered":"<p>Plo\u0161\u010dica je debela kar 8 mm, kar jo uvr\u0161\u010da med bolj trde plo\u0161\u010dice. V redni prodaji bi morali za to plo\u0161\u010dico od\u0161teti 26,25 EUR, spletna cena pa zna\u0161a le 21 EUR. Z velikostjo 30&#215;30 cm je ta plo\u0161\u010dica primerna ze razli\u010dne povr\u0161ine. Letos so plo\u0161\u010dice v sivi barvi zelo za\u017eeljene. Ta plo\u0161\u010dica prihaja iz Italije, [&hellip;]<\/p>\n","protected":false},"featured_media":106320,"template":"","meta":[],"product_cat":[999448,210,200,999],"product_tag":[],"_links":{"self":[{"href":"https:\/\/www.keramika.com\/slovenija\/wp-json\/wp\/v2\/product\/106319"}],"collection":[{"href":"https:\/\/www.keramika.com\/slovenija\/wp-json\/wp\/v2\/product"}],"about":[{"href":"https:\/\/www.keramika.com\/slovenija\/wp-json\/wp\/v2\/types\/product"}],"wp:featuredmedia":[{"embeddable":true,"href":"https:\/\/www.keramika.com\/slovenija\/wp-json\/wp\/v2\/media\/106320"}],"wp:attachment":[{"href":"https:\/\/www.keramika.com\/slovenija\/wp-json\/wp\/v2\/media?parent=106319"}],"wp:term":[{"taxonomy":"product_cat","embeddable":true,"href":"https:\/\/www.keramika.com\/slovenija\/wp-json\/wp\/v2\/product_cat?post=106319"},{"taxonomy":"product_tag","embeddable":true,"href":"https:\/\/www.keramika.com\/slovenija\/wp-json\/wp\/v2\/product_tag?post=106319"}],"curies":[{"name":"wp","href":"https:\/\/api.w.org\/{rel}","templated":true}]}}