{"id":106317,"date":"2017-03-23T01:31:28","date_gmt":"2017-03-23T01:31:28","guid":{"rendered":"http:\/\/keramika.holest.com\/slovenija\/product\/stenske-ploscice-casalgrande-padana-arizona\/"},"modified":"2026-01-04T00:02:54","modified_gmt":"2026-01-04T00:02:54","slug":"stenske-ploscice-casalgrande-padana-arizona","status":"publish","type":"product","link":"https:\/\/www.keramika.com\/slovenija\/stenske-ploscice-casalgrande-padana-arizona\/","title":{"rendered":"Stenske plo\u0161\u010dice Casalgrande Padana  Arizona"},"content":{"rendered":"<p>27,5 EUR v klasi\u010dni trgovini, pri nas pa le 22 EUR. Z velikostjo 30&#215;30 cm je ta plo\u0161\u010dica primerna ze razli\u010dne povr\u0161ine. Pri izbiri plo\u0161\u010dice v be\u017e barvi ne morete zgre\u0161iti. 8 mm debeline je dovolj tudi za zahtevnej\u0161e kupce. To plo\u0161\u010dico je izdelal proizvajalec Casalgrande Padana S.P.A., ki prihaja iz Italije.<\/p>\n<p>Kliknite na ime kolekcije za ogled vseh plo\u0161\u010dic iz te serije: <a class=\"pdfcatal\" href=\"\/\/www.ceramictiles.com\/pdf\/casalgrandepadana\/catalogue_casalgrande_padana_granito_1.pdf\" onclick=\"recordOutboundLink(this, 'E-mail', 'Description PDF');return false;\">Casalgrande Padana S.P.A. Granito 1<\/a><\/p>\n<p>\u010ce \u017eelite naro\u010diti model iz pdf kataloga te kolekcije, nam pi\u0161ite na: <a href=\"mailto:keramoteka.salon@gmail.com\" onclick=\"recordOutboundLink(this, 'E-mail', 'Description mail');return false;\">keramoteka.salon@gmail.com<\/a> ali pa nas pokli\u010dite na: +386 31 255 900.<\/p>\n<p>V seriji Granito 1 je na voljo poled sive barve \u0161e velik nabor razli\u010dnih barvnih keramik.<\/p>\n","protected":false},"excerpt":{"rendered":"<p>27,5 EUR v klasi\u010dni trgovini, pri nas pa le 22 EUR. Z velikostjo 30&#215;30 cm je ta plo\u0161\u010dica primerna ze razli\u010dne povr\u0161ine. Pri izbiri plo\u0161\u010dice v be\u017e barvi ne morete zgre\u0161iti. 8 mm debeline je dovolj tudi za zahtevnej\u0161e kupce. To plo\u0161\u010dico je izdelal proizvajalec Casalgrande Padana S.P.A., ki prihaja iz Italije. Kliknite na ime [&hellip;]<\/p>\n","protected":false},"featured_media":106318,"template":"","meta":[],"product_cat":[999448,210,200,999],"product_tag":[],"_links":{"self":[{"href":"https:\/\/www.keramika.com\/slovenija\/wp-json\/wp\/v2\/product\/106317"}],"collection":[{"href":"https:\/\/www.keramika.com\/slovenija\/wp-json\/wp\/v2\/product"}],"about":[{"href":"https:\/\/www.keramika.com\/slovenija\/wp-json\/wp\/v2\/types\/product"}],"wp:featuredmedia":[{"embeddable":true,"href":"https:\/\/www.keramika.com\/slovenija\/wp-json\/wp\/v2\/media\/106318"}],"wp:attachment":[{"href":"https:\/\/www.keramika.com\/slovenija\/wp-json\/wp\/v2\/media?parent=106317"}],"wp:term":[{"taxonomy":"product_cat","embeddable":true,"href":"https:\/\/www.keramika.com\/slovenija\/wp-json\/wp\/v2\/product_cat?post=106317"},{"taxonomy":"product_tag","embeddable":true,"href":"https:\/\/www.keramika.com\/slovenija\/wp-json\/wp\/v2\/product_tag?post=106317"}],"curies":[{"name":"wp","href":"https:\/\/api.w.org\/{rel}","templated":true}]}}