{"id":106315,"date":"2017-03-23T01:31:20","date_gmt":"2017-03-23T01:31:20","guid":{"rendered":"http:\/\/keramika.holest.com\/slovenija\/product\/talne-ploscice-casalgrande-padana-feel-grey\/"},"modified":"2026-01-04T00:02:53","modified_gmt":"2026-01-04T00:02:53","slug":"talne-ploscice-casalgrande-padana-feel-grey","status":"publish","type":"product","link":"https:\/\/www.keramika.com\/slovenija\/talne-ploscice-casalgrande-padana-feel-grey\/","title":{"rendered":"Talne plo\u0161\u010dice Casalgrande Padana  Feel Grey"},"content":{"rendered":"<p>Casalgrande Padana Feel Grey je pripeljana iz Italije in je zelo kvalitetna. Plo\u0161\u010dica na sliki je velika 40&#215;40 cm. 9 mm je debelina, ki zadovolji tudi zahtevnej\u0161e kupce. Redna cena te plo\u0161\u010dice v maloprodaji zna\u0161a 27,5 EUR, v na\u0161i spletni trgovini pa jo lahko dobite \u017ee za 22 EUR. Letos so plo\u0161\u010dice v sivi barvi zelo za\u017eeljene.<\/p>\n<p>Kliknite na ime kolekcije za ogled vseh plo\u0161\u010dic iz te serije: <a class=\"pdfcatal\" href=\"\/\/www.ceramictiles.com\/pdf\/casalgrandepadana\/catalogue_casalgrande_padana_feel.pdf\" onclick=\"recordOutboundLink(this, 'E-mail', 'Description PDF');return false;\">Casalgrande Padana S.P.A. Feel<\/a><\/p>\n<p>\u010ce \u017eelite naro\u010diti model iz pdf kataloga te kolekcije, nam pi\u0161ite na: <a href=\"mailto:keramoteka.salon@gmail.com\" onclick=\"recordOutboundLink(this, 'E-mail', 'Description mail');return false;\">keramoteka.salon@gmail.com<\/a> ali pa nas pokli\u010dite na: +386 31 255 900.<\/p>\n<p>Poleg sive je v seriji Feel na voljo \u0161e rjava, be\u017e in bela keramika.<\/p>\n<p>Technical description: 41,5&#215;41,5<\/p>\n","protected":false},"excerpt":{"rendered":"<p>Casalgrande Padana Feel Grey je pripeljana iz Italije in je zelo kvalitetna. Plo\u0161\u010dica na sliki je velika 40&#215;40 cm. 9 mm je debelina, ki zadovolji tudi zahtevnej\u0161e kupce. Redna cena te plo\u0161\u010dice v maloprodaji zna\u0161a 27,5 EUR, v na\u0161i spletni trgovini pa jo lahko dobite \u017ee za 22 EUR. Letos so plo\u0161\u010dice v sivi barvi [&hellip;]<\/p>\n","protected":false},"featured_media":106316,"template":"","meta":[],"product_cat":[999448,210,200,999],"product_tag":[],"_links":{"self":[{"href":"https:\/\/www.keramika.com\/slovenija\/wp-json\/wp\/v2\/product\/106315"}],"collection":[{"href":"https:\/\/www.keramika.com\/slovenija\/wp-json\/wp\/v2\/product"}],"about":[{"href":"https:\/\/www.keramika.com\/slovenija\/wp-json\/wp\/v2\/types\/product"}],"wp:featuredmedia":[{"embeddable":true,"href":"https:\/\/www.keramika.com\/slovenija\/wp-json\/wp\/v2\/media\/106316"}],"wp:attachment":[{"href":"https:\/\/www.keramika.com\/slovenija\/wp-json\/wp\/v2\/media?parent=106315"}],"wp:term":[{"taxonomy":"product_cat","embeddable":true,"href":"https:\/\/www.keramika.com\/slovenija\/wp-json\/wp\/v2\/product_cat?post=106315"},{"taxonomy":"product_tag","embeddable":true,"href":"https:\/\/www.keramika.com\/slovenija\/wp-json\/wp\/v2\/product_tag?post=106315"}],"curies":[{"name":"wp","href":"https:\/\/api.w.org\/{rel}","templated":true}]}}