{"id":106313,"date":"2017-03-23T01:31:13","date_gmt":"2017-03-23T01:31:13","guid":{"rendered":"http:\/\/keramika.holest.com\/slovenija\/product\/talne-ploscice-casalgrande-padana-europa-grigio\/"},"modified":"2026-01-04T00:02:53","modified_gmt":"2026-01-04T00:02:53","slug":"talne-ploscice-casalgrande-padana-europa-grigio","status":"publish","type":"product","link":"https:\/\/www.keramika.com\/slovenija\/talne-ploscice-casalgrande-padana-europa-grigio\/","title":{"rendered":"Talne plo\u0161\u010dice Casalgrande Padana  Europa Grigio"},"content":{"rendered":"<p>8 mm debeline je dovolj tudi za zahtevnej\u0161e kupce. Ta plo\u0161\u010dica prihaja iz Italije, ki je znana po kvalitetni keramiki. Zelo moderna plo\u0161\u010dica v sivi barvi popestri prav vsak prostor. Casalgrande Padana Europa Grigio je na voljo po zelo ugodni ceni 26 EUR. Velikost te plo\u0161\u010dice je 30&#215;30 cm in je primerna za razli\u010dne povr\u0161ine.<\/p>\n<p>Kliknite na ime kolekcije za ogled vseh plo\u0161\u010dic iz te serije: <a class=\"pdfcatal\" href=\"\/\/www.ceramictiles.com\/pdf\/casalgrandepadana\/catalogue_casalgrande_padana_europa.pdf\" onclick=\"recordOutboundLink(this, 'E-mail', 'Description PDF');return false;\">Casalgrande Padana S.P.A. Europa<\/a><\/p>\n<p>\u010ce \u017eelite naro\u010diti model iz pdf kataloga te kolekcije, nam pi\u0161ite na: <a href=\"mailto:keramoteka.salon@gmail.com\" onclick=\"recordOutboundLink(this, 'E-mail', 'Description mail');return false;\">keramoteka.salon@gmail.com<\/a> ali pa nas pokli\u010dite na: +386 31 255 900.<\/p>\n<p>Seria Europa s svojimi ne\u017enimi barvami v prostore prina\u0161a uglajen videz.<\/p>\n","protected":false},"excerpt":{"rendered":"<p>8 mm debeline je dovolj tudi za zahtevnej\u0161e kupce. Ta plo\u0161\u010dica prihaja iz Italije, ki je znana po kvalitetni keramiki. Zelo moderna plo\u0161\u010dica v sivi barvi popestri prav vsak prostor. Casalgrande Padana Europa Grigio je na voljo po zelo ugodni ceni 26 EUR. Velikost te plo\u0161\u010dice je 30&#215;30 cm in je primerna za razli\u010dne povr\u0161ine. [&hellip;]<\/p>\n","protected":false},"featured_media":106314,"template":"","meta":[],"product_cat":[999448,210,200,999],"product_tag":[],"_links":{"self":[{"href":"https:\/\/www.keramika.com\/slovenija\/wp-json\/wp\/v2\/product\/106313"}],"collection":[{"href":"https:\/\/www.keramika.com\/slovenija\/wp-json\/wp\/v2\/product"}],"about":[{"href":"https:\/\/www.keramika.com\/slovenija\/wp-json\/wp\/v2\/types\/product"}],"wp:featuredmedia":[{"embeddable":true,"href":"https:\/\/www.keramika.com\/slovenija\/wp-json\/wp\/v2\/media\/106314"}],"wp:attachment":[{"href":"https:\/\/www.keramika.com\/slovenija\/wp-json\/wp\/v2\/media?parent=106313"}],"wp:term":[{"taxonomy":"product_cat","embeddable":true,"href":"https:\/\/www.keramika.com\/slovenija\/wp-json\/wp\/v2\/product_cat?post=106313"},{"taxonomy":"product_tag","embeddable":true,"href":"https:\/\/www.keramika.com\/slovenija\/wp-json\/wp\/v2\/product_tag?post=106313"}],"curies":[{"name":"wp","href":"https:\/\/api.w.org\/{rel}","templated":true}]}}