{"id":106307,"date":"2017-03-23T01:30:53","date_gmt":"2017-03-23T01:30:53","guid":{"rendered":"http:\/\/keramika.holest.com\/slovenija\/product\/ploscice-za-dnevno-sobo-halcon-uptown-gris\/"},"modified":"2026-01-04T00:02:52","modified_gmt":"2026-01-04T00:02:52","slug":"ploscice-za-dnevno-sobo-halcon-uptown-gris","status":"publish","type":"product","link":"https:\/\/www.keramika.com\/slovenija\/ploscice-za-dnevno-sobo-halcon-uptown-gris\/","title":{"rendered":"Plo\u0161\u010dice za dnevno sobo Halcon Uptown Gris"},"content":{"rendered":"<p>23,79 EUR v klasi\u010dni trgovini, pri nas pa le 19,03 EUR. To plo\u0161\u010dico je izdelal proizvajalec Halcon Ceramicas, ki prihaja iz \u0160panije. Debelina plo\u0161\u010dice je zelo pomembna in 9 mm uvr\u0161\u010da to plo\u0161\u010dico med najkvalitetnej\u0161e. Z 60&#215;60 cm je ta plo\u0161\u010dica primerna za razli\u010dne podlage. Keramika v sivi barvi popestri vsak prostor.<\/p>\n<p>Kliknite na ime kolekcije za ogled vseh plo\u0161\u010dic iz te serije: <a class=\"pdfcatal\" href=\"\/\/www.ceramictiles.com\/pdf\/halcon\/catalogue_halcon_uptown.pdf\" onclick=\"recordOutboundLink(this, 'E-mail', 'Description PDF');return false;\">Halcon Ceramicas Uptown<\/a><\/p>\n<p>\u010ce \u017eelite naro\u010diti model iz pdf kataloga te kolekcije, nam pi\u0161ite na: <a href=\"mailto:keramoteka.salon@gmail.com\" onclick=\"recordOutboundLink(this, 'E-mail', 'Description mail');return false;\">keramoteka.salon@gmail.com<\/a> ali pa nas pokli\u010dite na: +386 31 255 900.<\/p>\n<p>Siva porcelan keramika v prostor prina\u0161a preprostost in v kombinaciji s pripadajo\u010dim mozaikom ustvari polno eleganco.<\/p>\n<p>Technical description: 60,5&#215;60,5<\/p>\n","protected":false},"excerpt":{"rendered":"<p>23,79 EUR v klasi\u010dni trgovini, pri nas pa le 19,03 EUR. To plo\u0161\u010dico je izdelal proizvajalec Halcon Ceramicas, ki prihaja iz \u0160panije. Debelina plo\u0161\u010dice je zelo pomembna in 9 mm uvr\u0161\u010da to plo\u0161\u010dico med najkvalitetnej\u0161e. Z 60&#215;60 cm je ta plo\u0161\u010dica primerna za razli\u010dne podlage. Keramika v sivi barvi popestri vsak prostor. Kliknite na ime [&hellip;]<\/p>\n","protected":false},"featured_media":106308,"template":"","meta":[],"product_cat":[99946,200,999],"product_tag":[],"_links":{"self":[{"href":"https:\/\/www.keramika.com\/slovenija\/wp-json\/wp\/v2\/product\/106307"}],"collection":[{"href":"https:\/\/www.keramika.com\/slovenija\/wp-json\/wp\/v2\/product"}],"about":[{"href":"https:\/\/www.keramika.com\/slovenija\/wp-json\/wp\/v2\/types\/product"}],"wp:featuredmedia":[{"embeddable":true,"href":"https:\/\/www.keramika.com\/slovenija\/wp-json\/wp\/v2\/media\/106308"}],"wp:attachment":[{"href":"https:\/\/www.keramika.com\/slovenija\/wp-json\/wp\/v2\/media?parent=106307"}],"wp:term":[{"taxonomy":"product_cat","embeddable":true,"href":"https:\/\/www.keramika.com\/slovenija\/wp-json\/wp\/v2\/product_cat?post=106307"},{"taxonomy":"product_tag","embeddable":true,"href":"https:\/\/www.keramika.com\/slovenija\/wp-json\/wp\/v2\/product_tag?post=106307"}],"curies":[{"name":"wp","href":"https:\/\/api.w.org\/{rel}","templated":true}]}}