{"id":106303,"date":"2017-03-23T01:30:40","date_gmt":"2017-03-23T01:30:40","guid":{"rendered":"http:\/\/keramika.holest.com\/slovenija\/product\/keramicne-ploscice-za-terase-halcon-tabarca-antislip-crema\/"},"modified":"2026-01-04T00:02:52","modified_gmt":"2026-01-04T00:02:52","slug":"keramicne-ploscice-za-terase-halcon-tabarca-antislip-crema","status":"publish","type":"product","link":"https:\/\/www.keramika.com\/slovenija\/keramicne-ploscice-za-terase-halcon-tabarca-antislip-crema\/","title":{"rendered":"Kerami\u010dne plo\u0161\u010dice za terase Halcon Tabarca Antislip Crema"},"content":{"rendered":"<p>Z velikostjo 45&#215;45 cm je ta plo\u0161\u010dica primerna ze razli\u010dne povr\u0161ine. Pri izbiri plo\u0161\u010dice v be\u017e barvi ne morete zgre\u0161iti. Debelina plo\u0161\u010dice je zelo pomembna in 9 mm uvr\u0161\u010da to plo\u0161\u010dico med najkvalitetnej\u0161e. Namesto 24,45 EUR kot bi za to plo\u0161\u010dico od\u0161teli v klasi\u010dni trgovini, boste v na\u0161i spletni prodajalni od\u0161teli le 19,56 EUR. To plo\u0161\u010dico je izdelal proizvajalec Halcon Ceramicas, ki prihaja iz \u0160panije.<\/p>\n<p>Kliknite na ime kolekcije za ogled vseh plo\u0161\u010dic iz te serije: <a class=\"pdfcatal\" href=\"\/\/www.ceramictiles.com\/pdf\/halcon\/catalogue_halcon_tabarca_antislip_porc.pdf\" onclick=\"recordOutboundLink(this, 'E-mail', 'Description PDF');return false;\">Halcon Ceramicas Tabarca Antislip Porc<\/a><\/p>\n<p>\u010ce \u017eelite naro\u010diti model iz pdf kataloga te kolekcije, nam pi\u0161ite na: <a href=\"mailto:keramoteka.salon@gmail.com\" onclick=\"recordOutboundLink(this, 'E-mail', 'Description mail');return false;\">keramoteka.salon@gmail.com<\/a> ali pa nas pokli\u010dite na: +386 31 255 900.<\/p>\n<p>Protizdrsna porcelan keramika je primerna tako za zunanje kot notranje povr\u0161ine.<\/p>\n","protected":false},"excerpt":{"rendered":"<p>Z velikostjo 45&#215;45 cm je ta plo\u0161\u010dica primerna ze razli\u010dne povr\u0161ine. Pri izbiri plo\u0161\u010dice v be\u017e barvi ne morete zgre\u0161iti. Debelina plo\u0161\u010dice je zelo pomembna in 9 mm uvr\u0161\u010da to plo\u0161\u010dico med najkvalitetnej\u0161e. Namesto 24,45 EUR kot bi za to plo\u0161\u010dico od\u0161teli v klasi\u010dni trgovini, boste v na\u0161i spletni prodajalni od\u0161teli le 19,56 EUR. To [&hellip;]<\/p>\n","protected":false},"featured_media":106304,"template":"","meta":[],"product_cat":[99946,200,999],"product_tag":[],"_links":{"self":[{"href":"https:\/\/www.keramika.com\/slovenija\/wp-json\/wp\/v2\/product\/106303"}],"collection":[{"href":"https:\/\/www.keramika.com\/slovenija\/wp-json\/wp\/v2\/product"}],"about":[{"href":"https:\/\/www.keramika.com\/slovenija\/wp-json\/wp\/v2\/types\/product"}],"wp:featuredmedia":[{"embeddable":true,"href":"https:\/\/www.keramika.com\/slovenija\/wp-json\/wp\/v2\/media\/106304"}],"wp:attachment":[{"href":"https:\/\/www.keramika.com\/slovenija\/wp-json\/wp\/v2\/media?parent=106303"}],"wp:term":[{"taxonomy":"product_cat","embeddable":true,"href":"https:\/\/www.keramika.com\/slovenija\/wp-json\/wp\/v2\/product_cat?post=106303"},{"taxonomy":"product_tag","embeddable":true,"href":"https:\/\/www.keramika.com\/slovenija\/wp-json\/wp\/v2\/product_tag?post=106303"}],"curies":[{"name":"wp","href":"https:\/\/api.w.org\/{rel}","templated":true}]}}