{"id":106295,"date":"2017-03-23T01:30:16","date_gmt":"2017-03-23T01:30:16","guid":{"rendered":"http:\/\/keramika.holest.com\/slovenija\/product\/keramika-za-kopalnico-halcon-stockholm-beige\/"},"modified":"2026-01-04T00:02:51","modified_gmt":"2026-01-04T00:02:51","slug":"keramika-za-kopalnico-halcon-stockholm-beige","status":"publish","type":"product","link":"https:\/\/www.keramika.com\/slovenija\/keramika-za-kopalnico-halcon-stockholm-beige\/","title":{"rendered":"Keramika za kopalnico Halcon Stockholm Beige"},"content":{"rendered":"<p>Z 45&#215;45 cm je ta plo\u0161\u010dica primerna za razli\u010dne podlage. 9 mm debeline je dovolj tudi za zahtevnej\u0161e kupce. Halcon Stockholm Beige je plo\u0161\u010dica proizvajalca Halcon Ceramicas in prihaja iz \u0160panije. Zaradi ni\u017ejih stro\u0161kov pri spletni prodaji boste na na\u0161i strani za to plo\u0161\u010dico od\u0161teli le 13,57 EUR. Ta plo\u0161\u010dica je na voljo v \u010dudoviti be\u017e barvi, \u010de \u017eelite kak\u0161no drugo barvo pa nas kontaktirajte in preverili bomo pri proizvajalcu.<\/p>\n<p>Kliknite na ime kolekcije za ogled vseh plo\u0161\u010dic iz te serije: <a class=\"pdfcatal\" href=\"\/\/www.ceramictiles.com\/pdf\/halcon\/catalogue_halcon_stockholm.pdf\" onclick=\"recordOutboundLink(this, 'E-mail', 'Description PDF');return false;\">Halcon Ceramicas Stockholm<\/a><\/p>\n<p>\u010ce \u017eelite naro\u010diti model iz pdf kataloga te kolekcije, nam pi\u0161ite na: <a href=\"mailto:keramoteka.salon@gmail.com\" onclick=\"recordOutboundLink(this, 'E-mail', 'Description mail');return false;\">keramoteka.salon@gmail.com<\/a> ali pa nas pokli\u010dite na: +386 31 255 900.<\/p>\n<p>Beige plo\u0161\u010dice ustvarja v prostoru intimnost, ki ji s pomo\u010djo pripadajo\u010dih vzorcev serije Stockholm dodate \u0161e dinami\u010dnost.<\/p>\n","protected":false},"excerpt":{"rendered":"<p>Z 45&#215;45 cm je ta plo\u0161\u010dica primerna za razli\u010dne podlage. 9 mm debeline je dovolj tudi za zahtevnej\u0161e kupce. Halcon Stockholm Beige je plo\u0161\u010dica proizvajalca Halcon Ceramicas in prihaja iz \u0160panije. Zaradi ni\u017ejih stro\u0161kov pri spletni prodaji boste na na\u0161i strani za to plo\u0161\u010dico od\u0161teli le 13,57 EUR. Ta plo\u0161\u010dica je na voljo v \u010dudoviti [&hellip;]<\/p>\n","protected":false},"featured_media":106296,"template":"","meta":[],"product_cat":[99946,200,999],"product_tag":[],"_links":{"self":[{"href":"https:\/\/www.keramika.com\/slovenija\/wp-json\/wp\/v2\/product\/106295"}],"collection":[{"href":"https:\/\/www.keramika.com\/slovenija\/wp-json\/wp\/v2\/product"}],"about":[{"href":"https:\/\/www.keramika.com\/slovenija\/wp-json\/wp\/v2\/types\/product"}],"wp:featuredmedia":[{"embeddable":true,"href":"https:\/\/www.keramika.com\/slovenija\/wp-json\/wp\/v2\/media\/106296"}],"wp:attachment":[{"href":"https:\/\/www.keramika.com\/slovenija\/wp-json\/wp\/v2\/media?parent=106295"}],"wp:term":[{"taxonomy":"product_cat","embeddable":true,"href":"https:\/\/www.keramika.com\/slovenija\/wp-json\/wp\/v2\/product_cat?post=106295"},{"taxonomy":"product_tag","embeddable":true,"href":"https:\/\/www.keramika.com\/slovenija\/wp-json\/wp\/v2\/product_tag?post=106295"}],"curies":[{"name":"wp","href":"https:\/\/api.w.org\/{rel}","templated":true}]}}