{"id":106287,"date":"2017-03-23T01:29:49","date_gmt":"2017-03-23T01:29:49","guid":{"rendered":"http:\/\/keramika.holest.com\/slovenija\/product\/ploscice-imitacija-lesa-halcon-niagara-natural\/"},"modified":"2026-01-04T00:02:50","modified_gmt":"2026-01-04T00:02:50","slug":"ploscice-imitacija-lesa-halcon-niagara-natural","status":"publish","type":"product","link":"https:\/\/www.keramika.com\/slovenija\/ploscice-imitacija-lesa-halcon-niagara-natural\/","title":{"rendered":"Plo\u0161\u010dice imitacija lesa Halcon Niagara Natural"},"content":{"rendered":"<p>Zelo moderna plo\u0161\u010dica v rjavi barvi popestri prav vsak prostor. Na spletu boste za to plo\u0161\u010dico od\u0161teli le 24,86 EUR, medtem ko v redni prodaji cena zna\u0161a 31,08 EUR. Velikost te plo\u0161\u010dice je 20&#215;120 cm. Plo\u0161\u010dica je debela kar 9 mm, kar jo uvr\u0161\u010da med bolj trde plo\u0161\u010dice. Ta plo\u0161\u010dica prihaja iz \u0160panije, ki je znana po kvalitetni keramiki.<\/p>\n<p>Kliknite na ime kolekcije za ogled vseh plo\u0161\u010dic iz te serije: <a class=\"pdfcatal\" href=\"\/\/www.ceramictiles.com\/pdf\/halcon\/catalogue_halcon_niagara.pdf\" onclick=\"recordOutboundLink(this, 'E-mail', 'Description PDF');return false;\">Halcon Ceramicas Niagara<\/a><\/p>\n<p>\u010ce \u017eelite naro\u010diti model iz pdf kataloga te kolekcije, nam pi\u0161ite na: <a href=\"mailto:keramoteka.salon@gmail.com\" onclick=\"recordOutboundLink(this, 'E-mail', 'Description mail');return false;\">keramoteka.salon@gmail.com<\/a> ali pa nas pokli\u010dite na: +386 31 255 900.<\/p>\n<p>V svojem domu lahko s pomo\u010djo porcelan keramike Niagara v imitaciji lesa dose\u017eete toplino.<\/p>\n<p>Technical description: 23,3&#215;120<\/p>\n","protected":false},"excerpt":{"rendered":"<p>Zelo moderna plo\u0161\u010dica v rjavi barvi popestri prav vsak prostor. Na spletu boste za to plo\u0161\u010dico od\u0161teli le 24,86 EUR, medtem ko v redni prodaji cena zna\u0161a 31,08 EUR. Velikost te plo\u0161\u010dice je 20&#215;120 cm. Plo\u0161\u010dica je debela kar 9 mm, kar jo uvr\u0161\u010da med bolj trde plo\u0161\u010dice. Ta plo\u0161\u010dica prihaja iz \u0160panije, ki je [&hellip;]<\/p>\n","protected":false},"featured_media":106288,"template":"","meta":[],"product_cat":[99946,200,999],"product_tag":[99921976],"_links":{"self":[{"href":"https:\/\/www.keramika.com\/slovenija\/wp-json\/wp\/v2\/product\/106287"}],"collection":[{"href":"https:\/\/www.keramika.com\/slovenija\/wp-json\/wp\/v2\/product"}],"about":[{"href":"https:\/\/www.keramika.com\/slovenija\/wp-json\/wp\/v2\/types\/product"}],"wp:featuredmedia":[{"embeddable":true,"href":"https:\/\/www.keramika.com\/slovenija\/wp-json\/wp\/v2\/media\/106288"}],"wp:attachment":[{"href":"https:\/\/www.keramika.com\/slovenija\/wp-json\/wp\/v2\/media?parent=106287"}],"wp:term":[{"taxonomy":"product_cat","embeddable":true,"href":"https:\/\/www.keramika.com\/slovenija\/wp-json\/wp\/v2\/product_cat?post=106287"},{"taxonomy":"product_tag","embeddable":true,"href":"https:\/\/www.keramika.com\/slovenija\/wp-json\/wp\/v2\/product_tag?post=106287"}],"curies":[{"name":"wp","href":"https:\/\/api.w.org\/{rel}","templated":true}]}}