{"id":106271,"date":"2017-03-23T01:28:52","date_gmt":"2017-03-23T01:28:52","guid":{"rendered":"http:\/\/keramika.holest.com\/slovenija\/product\/stenske-ploscice-halcon-marshall-gris\/"},"modified":"2026-01-04T00:02:48","modified_gmt":"2026-01-04T00:02:48","slug":"stenske-ploscice-halcon-marshall-gris","status":"publish","type":"product","link":"https:\/\/www.keramika.com\/slovenija\/stenske-ploscice-halcon-marshall-gris\/","title":{"rendered":"Stenske plo\u0161\u010dice Halcon Marshall Gris"},"content":{"rendered":"<p>Plo\u0161\u010dica na sliki je velika 20&#215;60 cm. Zaradi ni\u017ejih stro\u0161kov pri spletni prodaji boste na na\u0161i strani za to plo\u0161\u010dico od\u0161teli le 15,42 EUR. Debelina plo\u0161\u010dice je zelo pomembna in 9 mm uvr\u0161\u010da to plo\u0161\u010dico med najkvalitetnej\u0161e. Halcon Marshall Gris prihaja iz \u0160panije, ki je znana po zelo kvalitetni keramiki v svetovnem merilu. Ta plo\u0161\u010dica je na voljo v \u010dudoviti sivi barvi, \u010de \u017eelite kak\u0161no drugo barvo pa nas kontaktirajte in preverili bomo pri proizvajalcu.<\/p>\n<p>Kliknite na ime kolekcije za ogled vseh plo\u0161\u010dic iz te serije: <a class=\"pdfcatal\" href=\"\/\/www.ceramictiles.com\/pdf\/halcon\/catalogue_halcon_marshall.pdf\" onclick=\"recordOutboundLink(this, 'E-mail', 'Description PDF');return false;\">Halcon Ceramicas Marshall<\/a><\/p>\n<p>\u010ce \u017eelite naro\u010diti model iz pdf kataloga te kolekcije, nam pi\u0161ite na: <a href=\"mailto:keramoteka.salon@gmail.com\" onclick=\"recordOutboundLink(this, 'E-mail', 'Description mail');return false;\">keramoteka.salon@gmail.com<\/a> ali pa nas pokli\u010dite na: +386 31 255 900.<\/p>\n<p>V seriji Marshall so na voljo kombinacije vzor\u010daste in enobarne keramike, s katerimi lahko dose\u017eete izviren prostor.<\/p>\n","protected":false},"excerpt":{"rendered":"<p>Plo\u0161\u010dica na sliki je velika 20&#215;60 cm. Zaradi ni\u017ejih stro\u0161kov pri spletni prodaji boste na na\u0161i strani za to plo\u0161\u010dico od\u0161teli le 15,42 EUR. Debelina plo\u0161\u010dice je zelo pomembna in 9 mm uvr\u0161\u010da to plo\u0161\u010dico med najkvalitetnej\u0161e. Halcon Marshall Gris prihaja iz \u0160panije, ki je znana po zelo kvalitetni keramiki v svetovnem merilu. Ta plo\u0161\u010dica [&hellip;]<\/p>\n","protected":false},"featured_media":106272,"template":"","meta":[],"product_cat":[99946,200,999],"product_tag":[],"_links":{"self":[{"href":"https:\/\/www.keramika.com\/slovenija\/wp-json\/wp\/v2\/product\/106271"}],"collection":[{"href":"https:\/\/www.keramika.com\/slovenija\/wp-json\/wp\/v2\/product"}],"about":[{"href":"https:\/\/www.keramika.com\/slovenija\/wp-json\/wp\/v2\/types\/product"}],"wp:featuredmedia":[{"embeddable":true,"href":"https:\/\/www.keramika.com\/slovenija\/wp-json\/wp\/v2\/media\/106272"}],"wp:attachment":[{"href":"https:\/\/www.keramika.com\/slovenija\/wp-json\/wp\/v2\/media?parent=106271"}],"wp:term":[{"taxonomy":"product_cat","embeddable":true,"href":"https:\/\/www.keramika.com\/slovenija\/wp-json\/wp\/v2\/product_cat?post=106271"},{"taxonomy":"product_tag","embeddable":true,"href":"https:\/\/www.keramika.com\/slovenija\/wp-json\/wp\/v2\/product_tag?post=106271"}],"curies":[{"name":"wp","href":"https:\/\/api.w.org\/{rel}","templated":true}]}}