{"id":106269,"date":"2017-03-23T01:28:46","date_gmt":"2017-03-23T01:28:46","guid":{"rendered":"http:\/\/keramika.holest.com\/slovenija\/product\/stenske-dekorativne-ploscice-halcon-marmol-mosaico-mix\/"},"modified":"2026-01-04T00:02:47","modified_gmt":"2026-01-04T00:02:47","slug":"stenske-dekorativne-ploscice-halcon-marmol-mosaico-mix","status":"publish","type":"product","link":"https:\/\/www.keramika.com\/slovenija\/stenske-dekorativne-ploscice-halcon-marmol-mosaico-mix\/","title":{"rendered":"Stenske dekorativne plo\u0161\u010dice Halcon M\u00e1rmol Mosaico Mix"},"content":{"rendered":"<p>Redna cena te plo\u0161\u010dice v maloprodaji zna\u0161a 19,22 EUR, v na\u0161i spletni trgovini pa jo lahko dobite \u017ee za 15,38 EUR. Halcon M\u00e1rmol Mosaico Mix je pripeljana iz \u0160panije in je zelo kvalitetna. 9 mm debeline je dovolj tudi za zahtevnej\u0161e kupce. Pri izbiri plo\u0161\u010dice v be\u017e barvi ne morete zgre\u0161iti. Dimenzije te plo\u0161\u010dice so 20&#215;50 cm.<\/p>\n<p>Kliknite na ime kolekcije za ogled vseh plo\u0161\u010dic iz te serije: <a class=\"pdfcatal\" href=\"\/\/www.ceramictiles.com\/pdf\/halcon\/catalogue_halcon_marmol_mosaico.pdf\" onclick=\"recordOutboundLink(this, 'E-mail', 'Description PDF');return false;\">Halcon Ceramicas Marmol Mosaico<\/a><\/p>\n<p>\u010ce \u017eelite naro\u010diti model iz pdf kataloga te kolekcije, nam pi\u0161ite na: <a href=\"mailto:keramoteka.salon@gmail.com\" onclick=\"recordOutboundLink(this, 'E-mail', 'Description mail');return false;\">keramoteka.salon@gmail.com<\/a> ali pa nas pokli\u010dite na: +386 31 255 900.<\/p>\n<p>S sodobnimi in elegantnimi mozaikom na plo\u0161\u010dici, ki zajema razli\u010dne barve kombinacije lahko v notranjost doma ustvarite dinamiko.<\/p>\n","protected":false},"excerpt":{"rendered":"<p>Redna cena te plo\u0161\u010dice v maloprodaji zna\u0161a 19,22 EUR, v na\u0161i spletni trgovini pa jo lahko dobite \u017ee za 15,38 EUR. Halcon M\u00e1rmol Mosaico Mix je pripeljana iz \u0160panije in je zelo kvalitetna. 9 mm debeline je dovolj tudi za zahtevnej\u0161e kupce. Pri izbiri plo\u0161\u010dice v be\u017e barvi ne morete zgre\u0161iti. Dimenzije te plo\u0161\u010dice so [&hellip;]<\/p>\n","protected":false},"featured_media":106270,"template":"","meta":[],"product_cat":[99946,200,999],"product_tag":[],"_links":{"self":[{"href":"https:\/\/www.keramika.com\/slovenija\/wp-json\/wp\/v2\/product\/106269"}],"collection":[{"href":"https:\/\/www.keramika.com\/slovenija\/wp-json\/wp\/v2\/product"}],"about":[{"href":"https:\/\/www.keramika.com\/slovenija\/wp-json\/wp\/v2\/types\/product"}],"wp:featuredmedia":[{"embeddable":true,"href":"https:\/\/www.keramika.com\/slovenija\/wp-json\/wp\/v2\/media\/106270"}],"wp:attachment":[{"href":"https:\/\/www.keramika.com\/slovenija\/wp-json\/wp\/v2\/media?parent=106269"}],"wp:term":[{"taxonomy":"product_cat","embeddable":true,"href":"https:\/\/www.keramika.com\/slovenija\/wp-json\/wp\/v2\/product_cat?post=106269"},{"taxonomy":"product_tag","embeddable":true,"href":"https:\/\/www.keramika.com\/slovenija\/wp-json\/wp\/v2\/product_tag?post=106269"}],"curies":[{"name":"wp","href":"https:\/\/api.w.org\/{rel}","templated":true}]}}