{"id":106259,"date":"2017-03-23T01:28:13","date_gmt":"2017-03-23T01:28:13","guid":{"rendered":"http:\/\/keramika.holest.com\/slovenija\/product\/talne-ploscice-halcon-look-perla\/"},"modified":"2026-01-04T00:02:46","modified_gmt":"2026-01-04T00:02:46","slug":"talne-ploscice-halcon-look-perla","status":"publish","type":"product","link":"https:\/\/www.keramika.com\/slovenija\/talne-ploscice-halcon-look-perla\/","title":{"rendered":"Talne plo\u0161\u010dice Halcon Look Perla"},"content":{"rendered":"<p>Dimenzije te plo\u0161\u010dice so 60&#215;60 cm. Halcon Look Perla prihaja iz \u0160panije, ki je znana po zelo kvalitetni keramiki v svetovnem merilu. 24,5 EUR v klasi\u010dni trgovini, pri nas pa le 19,6 EUR. Debelina plo\u0161\u010dice je zelo pomembna in 9 mm uvr\u0161\u010da to plo\u0161\u010dico med najkvalitetnej\u0161e. Zelo moderna plo\u0161\u010dica v sivi barvi popestri prav vsak prostor.<\/p>\n<p>Kliknite na ime kolekcije za ogled vseh plo\u0161\u010dic iz te serije: <a class=\"pdfcatal\" href=\"\/\/www.ceramictiles.com\/pdf\/halcon\/catalogue_halcon_look.pdf\" onclick=\"recordOutboundLink(this, 'E-mail', 'Description PDF');return false;\">Halcon Ceramicas Look<\/a><\/p>\n<p>\u010ce \u017eelite naro\u010diti model iz pdf kataloga te kolekcije, nam pi\u0161ite na: <a href=\"mailto:keramoteka.salon@gmail.com\" onclick=\"recordOutboundLink(this, 'E-mail', 'Description mail');return false;\">keramoteka.salon@gmail.com<\/a> ali pa nas pokli\u010dite na: +386 31 255 900.<\/p>\n<p>Sijajna porcelan keramika Look je na voljo v sivi in krema barvi, ki ambientu doda ne\u017enost.<\/p>\n<p>Technical description: 60,5&#215;60,5<\/p>\n","protected":false},"excerpt":{"rendered":"<p>Dimenzije te plo\u0161\u010dice so 60&#215;60 cm. Halcon Look Perla prihaja iz \u0160panije, ki je znana po zelo kvalitetni keramiki v svetovnem merilu. 24,5 EUR v klasi\u010dni trgovini, pri nas pa le 19,6 EUR. Debelina plo\u0161\u010dice je zelo pomembna in 9 mm uvr\u0161\u010da to plo\u0161\u010dico med najkvalitetnej\u0161e. Zelo moderna plo\u0161\u010dica v sivi barvi popestri prav vsak [&hellip;]<\/p>\n","protected":false},"featured_media":106260,"template":"","meta":[],"product_cat":[99946,200,999],"product_tag":[],"_links":{"self":[{"href":"https:\/\/www.keramika.com\/slovenija\/wp-json\/wp\/v2\/product\/106259"}],"collection":[{"href":"https:\/\/www.keramika.com\/slovenija\/wp-json\/wp\/v2\/product"}],"about":[{"href":"https:\/\/www.keramika.com\/slovenija\/wp-json\/wp\/v2\/types\/product"}],"wp:featuredmedia":[{"embeddable":true,"href":"https:\/\/www.keramika.com\/slovenija\/wp-json\/wp\/v2\/media\/106260"}],"wp:attachment":[{"href":"https:\/\/www.keramika.com\/slovenija\/wp-json\/wp\/v2\/media?parent=106259"}],"wp:term":[{"taxonomy":"product_cat","embeddable":true,"href":"https:\/\/www.keramika.com\/slovenija\/wp-json\/wp\/v2\/product_cat?post=106259"},{"taxonomy":"product_tag","embeddable":true,"href":"https:\/\/www.keramika.com\/slovenija\/wp-json\/wp\/v2\/product_tag?post=106259"}],"curies":[{"name":"wp","href":"https:\/\/api.w.org\/{rel}","templated":true}]}}