{"id":106249,"date":"2017-03-23T01:27:43","date_gmt":"2017-03-23T01:27:43","guid":{"rendered":"http:\/\/keramika.holest.com\/slovenija\/product\/talne-ploscice-halcon-key-west-gris\/"},"modified":"2026-01-04T00:02:45","modified_gmt":"2026-01-04T00:02:45","slug":"talne-ploscice-halcon-key-west-gris","status":"publish","type":"product","link":"https:\/\/www.keramika.com\/slovenija\/talne-ploscice-halcon-key-west-gris\/","title":{"rendered":"Talne plo\u0161\u010dice Halcon Key West Gris"},"content":{"rendered":"<p>\u0160irina in dol\u017eina te plo\u0161\u010dice sta 45&#215;45 cm. To plo\u0161\u010dico je izdelal proizvajalec Halcon Ceramicas, ki prihaja iz \u0160panije. 16,97 EUR v klasi\u010dni trgovini, pri nas pa le 13,57 EUR. 9 mm je debelina, ki zadovolji tudi zahtevnej\u0161e kupce. Letos so plo\u0161\u010dice v sivi barvi zelo za\u017eeljene.<\/p>\n<p>Kliknite na ime kolekcije za ogled vseh plo\u0161\u010dic iz te serije: <a class=\"pdfcatal\" href=\"\/\/www.ceramictiles.com\/pdf\/halcon\/catalogue_halcon_key_west.pdf\" onclick=\"recordOutboundLink(this, 'E-mail', 'Description PDF');return false;\">Halcon Ceramicas Key West<\/a><\/p>\n<p>\u010ce \u017eelite naro\u010diti model iz pdf kataloga te kolekcije, nam pi\u0161ite na: <a href=\"mailto:keramoteka.salon@gmail.com\" onclick=\"recordOutboundLink(this, 'E-mail', 'Description mail');return false;\">keramoteka.salon@gmail.com<\/a> ali pa nas pokli\u010dite na: +386 31 255 900.<\/p>\n<p>Key West je talna keramika, ki s svojo ne\u017enostjo interiorju doda zna\u010daj.<\/p>\n","protected":false},"excerpt":{"rendered":"<p>\u0160irina in dol\u017eina te plo\u0161\u010dice sta 45&#215;45 cm. To plo\u0161\u010dico je izdelal proizvajalec Halcon Ceramicas, ki prihaja iz \u0160panije. 16,97 EUR v klasi\u010dni trgovini, pri nas pa le 13,57 EUR. 9 mm je debelina, ki zadovolji tudi zahtevnej\u0161e kupce. Letos so plo\u0161\u010dice v sivi barvi zelo za\u017eeljene. Kliknite na ime kolekcije za ogled vseh plo\u0161\u010dic [&hellip;]<\/p>\n","protected":false},"featured_media":106250,"template":"","meta":[],"product_cat":[99946,200,999],"product_tag":[],"_links":{"self":[{"href":"https:\/\/www.keramika.com\/slovenija\/wp-json\/wp\/v2\/product\/106249"}],"collection":[{"href":"https:\/\/www.keramika.com\/slovenija\/wp-json\/wp\/v2\/product"}],"about":[{"href":"https:\/\/www.keramika.com\/slovenija\/wp-json\/wp\/v2\/types\/product"}],"wp:featuredmedia":[{"embeddable":true,"href":"https:\/\/www.keramika.com\/slovenija\/wp-json\/wp\/v2\/media\/106250"}],"wp:attachment":[{"href":"https:\/\/www.keramika.com\/slovenija\/wp-json\/wp\/v2\/media?parent=106249"}],"wp:term":[{"taxonomy":"product_cat","embeddable":true,"href":"https:\/\/www.keramika.com\/slovenija\/wp-json\/wp\/v2\/product_cat?post=106249"},{"taxonomy":"product_tag","embeddable":true,"href":"https:\/\/www.keramika.com\/slovenija\/wp-json\/wp\/v2\/product_tag?post=106249"}],"curies":[{"name":"wp","href":"https:\/\/api.w.org\/{rel}","templated":true}]}}